{"id":179,"date":"2010-11-12T18:29:52","date_gmt":"2010-11-12T18:29:52","guid":{"rendered":"http:\/\/www.elvirafleischanderl.at\/index.php\/"},"modified":"2012-06-13T19:55:35","modified_gmt":"2012-06-13T17:55:35","slug":"philosophie","status":"publish","type":"page","link":"http:\/\/schmuck-werkstatt.com\/index.php\/philosophie\/","title":{"rendered":"philosophie"},"content":{"rendered":"<p><a href=\"http:\/\/schmuck-werkstatt.com\/wp-content\/uploads\/2010\/11\/Werkstattfoto1.jpg\"><img loading=\"lazy\" class=\"alignright size-medium wp-image-1312\" title=\"Werkstattfoto1\" src=\"http:\/\/schmuck-werkstatt.com\/wp-content\/uploads\/2010\/11\/Werkstattfoto1-225x300.jpg\" alt=\"\" width=\"139\" height=\"191\" \/><\/a><br \/>\nDie souver\u00e4ne Beherrschung des Handwerks ist f\u00fcr Elvira Fleischanderl die Grundvoraussetzung f\u00fcr die Entstehung von Kunst.<\/p>\n<p>Mit Vorliebe experimentiert\u00a0 sie\u00a0 mit alten, beinahe vergessenen Techniken sowie mit \u201eneuen\u201c bzw. branchenfremden Materialien. <\/p>\n<p>Auch in der gemeinsamen Arbeit an verschiedenen Kunstprojekten sieht die Goldschmiedin immer wieder eine reizvolle k\u00fcnstlerische und handwerkliche Herausforderung.<\/p>\n","protected":false},"excerpt":{"rendered":"<p>Die souver\u00e4ne Beherrschung des Handwerks ist f\u00fcr Elvira Fleischanderl die Grundvoraussetzung f\u00fcr die Entstehung von Kunst. Mit Vorliebe experimentiert\u00a0 sie\u00a0 mit alten, beinahe vergessenen Techniken sowie mit \u201eneuen\u201c bzw. branchenfremden Materialien. Auch in der gemeinsamen Arbeit an verschiedenen Kunstprojekten sieht die Goldschmiedin immer wieder eine reizvolle k\u00fcnstlerische und handwerkliche Herausforderung.<\/p>\n","protected":false},"author":3,"featured_media":0,"parent":0,"menu_order":3,"comment_status":"open","ping_status":"closed","template":"","meta":{"ngg_post_thumbnail":0},"_links":{"self":[{"href":"http:\/\/schmuck-werkstatt.com\/index.php\/wp-json\/wp\/v2\/pages\/179"}],"collection":[{"href":"http:\/\/schmuck-werkstatt.com\/index.php\/wp-json\/wp\/v2\/pages"}],"about":[{"href":"http:\/\/schmuck-werkstatt.com\/index.php\/wp-json\/wp\/v2\/types\/page"}],"author":[{"embeddable":true,"href":"http:\/\/schmuck-werkstatt.com\/index.php\/wp-json\/wp\/v2\/users\/3"}],"replies":[{"embeddable":true,"href":"http:\/\/schmuck-werkstatt.com\/index.php\/wp-json\/wp\/v2\/comments?post=179"}],"version-history":[{"count":5,"href":"http:\/\/schmuck-werkstatt.com\/index.php\/wp-json\/wp\/v2\/pages\/179\/revisions"}],"predecessor-version":[{"id":1546,"href":"http:\/\/schmuck-werkstatt.com\/index.php\/wp-json\/wp\/v2\/pages\/179\/revisions\/1546"}],"wp:attachment":[{"href":"http:\/\/schmuck-werkstatt.com\/index.php\/wp-json\/wp\/v2\/media?parent=179"}],"curies":[{"name":"wp","href":"https:\/\/api.w.org\/{rel}","templated":true}]}}