{"id":194,"date":"2010-11-12T20:34:52","date_gmt":"2010-11-12T20:34:52","guid":{"rendered":"http:\/\/www.elvirafleischanderl.at\/index.php\/"},"modified":"2011-08-01T11:40:49","modified_gmt":"2011-08-01T09:40:49","slug":"schmucke-wortspiele","status":"publish","type":"page","link":"http:\/\/schmuck-werkstatt.com\/index.php\/schmucke-wortspiele\/","title":{"rendered":"&#8222;Handwerk&#038;Mundwerk&#8220;"},"content":{"rendered":"<p>Unter dem Label &#8222;Handwerk &amp; Mundwerk&#8220; produziert eine kleine Gruppe ober\u00f6sterreichischer K\u00fcnstlerinnen Sprachwitz zum Angreifen.Beim aktuellen Projekt FreistilRINGE und AssoziationsKETTEN geht es &#8211; unschwer zu erraten &#8211; um Schmuck. Hier findet sich eine tragbare MenschenKETTE ebenso wie eine RINGelblume zum Anstecken, ein ziemlich bissiger KETTEnhund genauso wie ein schm\u00fcckender REIF-f\u00fcr die Insel&#8230;.Sehen Sie hier einen kleinen Auszug dieser Schmuckst\u00fccke aus Silber, Humor und anderen Werkstoffen von Elvira Fleischanderl.<\/p>\n<p><a title=\"G\u00dcRTELTIER\" href=\"http:\/\/www.schmuck-werkstatt.at\/index.php\/schmucke-wortspiele\/schmucke-wortspiele-gurteltier\/\" target=\"_self\"><\/a><a title=\"RINGELBLUME, G\u00e4nsebl\u00fcmchen\" href=\"http:\/\/schmuck-werkstatt.com\/index.php\/schmucke-wortspiele\/schmucke-wortspiele-ringelblume-ganseblumchen\/\" target=\"_self\"><img class=\"ngg-singlepic ngg-none\" src=\"http:\/\/schmuck-werkstatt.com\/wp-content\/gallery\/schmucke-wortspiele-ringelblume-ganseblumchen\/thumbs\/thumbs_ringelblume-ganseblamchen-1-_mg_1721_edited.jpg\" alt=\"ringelblume-ganseblamchen-1-_mg_1721_edited\" \/><\/a><a title=\"RINGELBLUME, Kirschbl\u00fcte\" href=\"http:\/\/schmuck-werkstatt.com\/index.php\/schmucke-wortspiele\/schmucke-wortspiele-ringelblume-kirschblute\/\" target=\"_self\"><img class=\"ngg-singlepic ngg-none\" src=\"http:\/\/schmuck-werkstatt.com\/wp-content\/gallery\/schmucke-wortspiele-ringelblume-kirschblute\/thumbs\/thumbs_ringelblume-kirschblate-1-dscn59850001_0.jpg\" alt=\"RINGELBLUME, Kirschbl\u00fcte\" \/><\/a><a title=\"RINGELBLUME, Sonnenblume\" href=\"http:\/\/schmuck-werkstatt.com\/index.php\/schmucke-wortspiele\/schmucke-wortspiele-ringelblume-sonnenblume\/\" target=\"_self\"><img class=\"ngg-singlepic ngg-none\" src=\"http:\/\/schmuck-werkstatt.com\/wp-content\/gallery\/schmucke-wortspiele-ringelblume-sonnenblume\/thumbs\/thumbs_ringelblume-sonnenblume-2_0.jpg\" alt=\"RINGELBLUME, Sonnenblume\" \/><\/a><a title=\"RINGE-RINGE-REIHE\" href=\"http:\/\/schmuck-werkstatt.com\/index.php\/schmucke-wortspiele\/schmucke-wortspiele-ringe-ringe-reihe\/\" target=\"_self\"><img class=\"ngg-singlepic ngg-none\" src=\"http:\/\/schmuck-werkstatt.com\/wp-content\/gallery\/schmucke-wortspiele-ringe-ringe-reihe\/thumbs\/thumbs_ringe-ringe-reihe-1_0.jpg\" alt=\"RINGE-RINGE-REIHE\" \/><\/a><a title=\"RINGO STAR(R)\" href=\"http:\/\/schmuck-werkstatt.com\/index.php\/schmucke-wortspiele\/schmucke-wortspiele-ringo-starr\/\" target=\"_self\"><img class=\"ngg-singlepic ngg-none\" src=\"http:\/\/schmuck-werkstatt.com\/wp-content\/gallery\/schmucke-wortspiele-ringo-starr\/thumbs\/thumbs_ringo-starr-2_0.jpg\" alt=\"RINGO STAR(R)\" \/><\/a><a title=\"RINGSTRASSE, long road\" href=\"http:\/\/schmuck-werkstatt.com\/index.php\/schmucke-wortspiele\/schmucke-wortspiele-ringstrase-long-road\/\" target=\"_self\"><img class=\"ngg-singlepic ngg-none\" src=\"http:\/\/schmuck-werkstatt.com\/wp-content\/gallery\/schmucke-wortspiele-ringstrase-long-road\/thumbs\/thumbs_ringstrasse-long-road-2-dscn8526_0.jpg\" alt=\"RINGSTRASSE, long road\" \/><\/a><a title=\"RINGSTRASSE, short\" href=\"http:\/\/schmuck-werkstatt.com\/index.php\/schmucke-wortspiele\/schmucke-wortspiele-ringstrase-short\/\" target=\"_self\"><img class=\"ngg-singlepic ngg-none\" src=\"http:\/\/schmuck-werkstatt.com\/wp-content\/gallery\/schmucke-wortspiele-ringstrase-short\/thumbs\/thumbs_ringstrasse-short-1_0.jpg\" alt=\"RINGSTRASSE, short\" \/><\/a><a title=\"RINGSTRASSE, Beatle\" href=\"http:\/\/schmuck-werkstatt.com\/index.php\/schmucke-wortspiele\/schmucke-wortspiele-ringstrase-silber\/\" target=\"_self\"><img class=\"ngg-singlepic ngg-none\" src=\"http:\/\/schmuck-werkstatt.com\/wp-content\/gallery\/schmucke-wortspiele-ringstrase-silber\/thumbs\/thumbs_ringstrasse-silber-3-dscn60120001_0.jpg\" alt=\"RINGSTRASSE, silber\" \/><\/a><a title=\"BURGRING\" href=\"http:\/\/schmuck-werkstatt.com\/index.php\/schmucke-wortspiele\/schmucke-wortspiele-burgring\/\" target=\"_self\"><img class=\"ngg-singlepic ngg-none\" src=\"http:\/\/schmuck-werkstatt.com\/wp-content\/gallery\/schmucke-wortspiele-burgring\/thumbs\/thumbs_burgring-1_0.jpg\" alt=\"BURGRING\" \/><\/a><a title=\"K\u00c4RNTNERRING\" href=\"http:\/\/schmuck-werkstatt.com\/index.php\/schmucke-wortspiele\/schmucke-wortspiele-karntnerring-2\/\" target=\"_self\"><img class=\"ngg-singlepic ngg-none\" src=\"http:\/\/schmuck-werkstatt.com\/wp-content\/gallery\/schmucke-wortspiele-karntnerring\/thumbs\/thumbs_karntnerring-hinten_0.jpg\" alt=\"KARNTNERRING-HINTEN\" \/><\/a><a title=\"SCHOTTENRING\" href=\"http:\/\/schmuck-werkstatt.com\/index.php\/schmucke-wortspiele\/schmucke-wortspiele-schottenring\/\" target=\"_self\"><img class=\"ngg-singlepic ngg-none\" src=\"http:\/\/schmuck-werkstatt.com\/wp-content\/gallery\/schmucke-wortspiele-schottenring\/thumbs\/thumbs_schottenring-1_0.jpg\" alt=\"SCHOTTENRING\" \/><\/a><a title=\"WINDRINGERL\" href=\"http:\/\/schmuck-werkstatt.com\/index.php\/schmucke-wortspiele\/schmucke-wortspiele-windringerl\/\" target=\"_self\"><img class=\"ngg-singlepic ngg-none\" src=\"http:\/\/schmuck-werkstatt.com\/wp-content\/gallery\/schmucke-wortspiele-windringerl\/thumbs\/thumbs_windringerl-2-dscn8669_0.jpg\" alt=\"WINDRINGERL\" \/><\/a><a title=\"SCHL\u00dcSSELRING\" href=\"http:\/\/schmuck-werkstatt.com\/index.php\/schmucke-wortspiele\/schmucke-wortspiele-schlusselring\/\" target=\"_self\"><img class=\"ngg-singlepic ngg-none\" src=\"http:\/\/schmuck-werkstatt.com\/wp-content\/gallery\/schmucke-wortspiele-schlusselring\/thumbs\/thumbs_schlaoesselring-1_0.jpg\" alt=\"SCHL\u00dcSSELRING\" \/><\/a><a title=\"UM-FASSUNG-RINGEN\" href=\"http:\/\/schmuck-werkstatt.com\/index.php\/schmucke-wortspiele\/schmucke-wortspiele-um-fassung-ringen\/\" target=\"_self\"><img class=\"ngg-singlepic ngg-none\" src=\"http:\/\/schmuck-werkstatt.com\/wp-content\/gallery\/schmucke-wortspiele-um-fassung-ringen\/thumbs\/thumbs_um-fassung-ringen-1_0.jpg\" alt=\"UM-FASSUNG-RINGEN\" \/><\/a><a title=\"KETTENHUND\" href=\"http:\/\/schmuck-werkstatt.com\/index.php\/schmucke-wortspiele\/schmucke-wortspiele-kettenhund-frech\/\" target=\"_self\"><img class=\"ngg-singlepic ngg-none\" src=\"http:\/\/schmuck-werkstatt.com\/wp-content\/gallery\/schmucke-wortspiele-kettenhund-frech\/thumbs\/thumbs_kettenhund-frech-4_0.jpg\" alt=\"KETTENHUND, frech\" \/><\/a><a title=\"KETTENMASCHEN\" href=\"http:\/\/schmuck-werkstatt.com\/index.php\/schmucke-wortspiele\/schmucke-wortspiele-kettenmaschen\/\" target=\"_self\"><img class=\"ngg-singlepic ngg-none\" src=\"http:\/\/schmuck-werkstatt.com\/wp-content\/gallery\/schmucke-wortspiele-kettenmaschen\/thumbs\/thumbs_kettenmaschen-2_0.jpg\" alt=\"KETTENMASCHEN\" \/><\/a><a title=\"RAUREIF\" href=\"http:\/\/schmuck-werkstatt.com\/index.php\/schmucke-wortspiele\/schmucke-wortspiele-raureif\/\" target=\"_self\"><img class=\"ngg-singlepic ngg-none\" src=\"http:\/\/schmuck-werkstatt.com\/wp-content\/gallery\/schmucke-wortspiele-raureif\/thumbs\/thumbs_raureif-2-dscn3855_0.jpg\" alt=\"RAUREIF\" \/><\/a><a title=\"NADELB\u00c4UMCHEN, Palme\" href=\"http:\/\/schmuck-werkstatt.com\/index.php\/schmucke-wortspiele\/schmucke-wortspiele-nadelbaumchen-palme\/\" target=\"_self\"><img class=\"ngg-singlepic ngg-none\" src=\"http:\/\/schmuck-werkstatt.com\/wp-content\/gallery\/schmucke-wortspiele-nadelbaumchen-palme\/thumbs\/thumbs_nadelbaumchen-palme-1_0.jpg\" alt=\"NADELB\u00c4UMCHEN, Palme\" \/><\/a><a title=\"NADELB\u00c4UMCHEN, Apfelbaum\" href=\"http:\/\/schmuck-werkstatt.com\/index.php\/schmucke-wortspiele\/schmucke-wortspiele-nadelbaumchen-apfelbaum\/\" target=\"_self\"><img class=\"ngg-singlepic ngg-none\" src=\"http:\/\/schmuck-werkstatt.com\/wp-content\/gallery\/schmucke-wortspiele-nadelbaumchen-apfelbaum\/thumbs\/thumbs_nadelbaumchen-apfelbaum-1_0.jpg\" alt=\"NADELB\u00c4UMCHEN, Apfelbaum\" \/><\/a><a title=\"NADELSTREIF\" href=\"http:\/\/schmuck-werkstatt.com\/index.php\/schmucke-wortspiele\/schmucke-wortspiele-nadelstreif\/\" target=\"_self\"><img class=\"ngg-singlepic ngg-none\" src=\"http:\/\/schmuck-werkstatt.com\/wp-content\/gallery\/schmucke-wortspiele-nadelstreif\/thumbs\/thumbs_nadelstreif-1_0.jpg\" alt=\"NADELSTREIF\" \/><\/a><a title=\"ANSTECKUNGSGEFAHR\" href=\"http:\/\/schmuck-werkstatt.com\/index.php\/schmucke-wortspiele\/schmucke-wortspiele-ansteckungsgefahr\/\" target=\"_self\"><img class=\"ngg-singlepic ngg-none\" src=\"http:\/\/schmuck-werkstatt.com\/wp-content\/gallery\/schmucke-wortspiele-ansteckungsgefahr\/thumbs\/thumbs_ansteckungsgefahr-1_0.jpg\" alt=\"ANSTECKUNGSGEFAHR\" \/><\/a><a title=\"STI(E)LBL\u00dcTE\" href=\"http:\/\/schmuck-werkstatt.com\/index.php\/schmucke-wortspiele\/schmucke-wortspiele-stielblute\/\" target=\"_self\"><img class=\"ngg-singlepic ngg-none\" src=\"http:\/\/schmuck-werkstatt.com\/wp-content\/gallery\/schmucke-wortspiele-stielblute\/thumbs\/thumbs_stielblaoete-1_0.jpg\" alt=\"STIELBL\u00dcTE\" \/><\/a><a title=\"G\u00dcRTELTIER\" href=\"http:\/\/schmuck-werkstatt.com\/index.php\/schmucke-wortspiele\/schmucke-wortspiele-gurteltier\/\" target=\"_self\"><img class=\"ngg-singlepic ngg-none\" src=\"http:\/\/schmuck-werkstatt.com\/wp-content\/gallery\/schmucke-wortspiele-gurteltier\/thumbs\/thumbs_gaoerteltier-1.jpg\" alt=\"gaoerteltier-1\" \/><\/a><a class=\"shutterset_\" href=\"http:\/\/schmuck-werkstatt.com\/wp-content\/gallery\/schmucke-wortspiele-ringstrase-long-road\/ringstrasse-long-road-2-dscn8526_0.jpg\"><\/a><a title=\"RINGO STAR(R)\" href=\"http:\/\/schmuck-werkstatt.com\/index.php\/schmucke-wortspiele\/schmucke-wortspiele-ringo-starr\/\" target=\"_self\"><\/a>&#8230;&#8230;&#8230;&#8230;&#8230;&#8230;&#8230;&#8230;&#8230;&#8230;&#8230;&#8230;&#8230;&#8230;&#8230;&#8230;&#8230;&#8230;&#8230;&#8230;&#8230;&#8230;&#8230;&#8230;&#8230;&#8230;&#8230;&#8230;&#8230;&#8230;&#8230;&#8230;Mehr \u00fcber<em> &#8222;Handwerk &amp; Mundwerk&#8220;<\/em> finden Sie <a title=\"Handwerk &amp; Mundwerk\" href=\"http:\/\/www.handwerk-und-mundwerk.at\/\" target=\"_blank\">hier&#8230;<\/a><a href=\"http:\/\/schmuck-werkstatt.com\/index.php\/galerie\" target=\"_self\">zur\u00fcck zur \u00dcbersicht<\/a><\/p>\n","protected":false},"excerpt":{"rendered":"<p>Unter dem Label &#8222;Handwerk &amp; Mundwerk&#8220; produziert eine kleine Gruppe ober\u00f6sterreichischer K\u00fcnstlerinnen Sprachwitz zum Angreifen.Beim aktuellen Projekt FreistilRINGE und AssoziationsKETTEN geht es &#8211; unschwer zu erraten &#8211; um Schmuck. Hier findet sich eine tragbare MenschenKETTE ebenso wie eine RINGelblume zum Anstecken, ein ziemlich bissiger KETTEnhund genauso wie ein schm\u00fcckender REIF-f\u00fcr die Insel&#8230;.Sehen Sie hier einen [&hellip;]<\/p>\n","protected":false},"author":3,"featured_media":0,"parent":0,"menu_order":0,"comment_status":"open","ping_status":"open","template":"","meta":{"ngg_post_thumbnail":0},"_links":{"self":[{"href":"http:\/\/schmuck-werkstatt.com\/index.php\/wp-json\/wp\/v2\/pages\/194"}],"collection":[{"href":"http:\/\/schmuck-werkstatt.com\/index.php\/wp-json\/wp\/v2\/pages"}],"about":[{"href":"http:\/\/schmuck-werkstatt.com\/index.php\/wp-json\/wp\/v2\/types\/page"}],"author":[{"embeddable":true,"href":"http:\/\/schmuck-werkstatt.com\/index.php\/wp-json\/wp\/v2\/users\/3"}],"replies":[{"embeddable":true,"href":"http:\/\/schmuck-werkstatt.com\/index.php\/wp-json\/wp\/v2\/comments?post=194"}],"version-history":[{"count":4,"href":"http:\/\/schmuck-werkstatt.com\/index.php\/wp-json\/wp\/v2\/pages\/194\/revisions"}],"predecessor-version":[{"id":1329,"href":"http:\/\/schmuck-werkstatt.com\/index.php\/wp-json\/wp\/v2\/pages\/194\/revisions\/1329"}],"wp:attachment":[{"href":"http:\/\/schmuck-werkstatt.com\/index.php\/wp-json\/wp\/v2\/media?parent=194"}],"curies":[{"name":"wp","href":"https:\/\/api.w.org\/{rel}","templated":true}]}}