{"id":219,"date":"2010-11-18T11:08:19","date_gmt":"2010-11-18T11:08:19","guid":{"rendered":"http:\/\/www.elvirafleischanderl.at\/index.php\/"},"modified":"2011-08-01T15:44:14","modified_gmt":"2011-08-01T13:44:14","slug":"mokume-gane-schmuck","status":"publish","type":"page","link":"http:\/\/schmuck-werkstatt.com\/index.php\/mokume-gane-schmuck\/","title":{"rendered":"Mokume Gane &#8211; Schmuck"},"content":{"rendered":"<p><!-- default-view.php -->\n<div\n\tclass=\"ngg-galleryoverview default-view  ngg-ajax-pagination-none\"\n\tid=\"ngg-gallery-338f7141c992207072e6a12b3349bde5-1\">\n\n\t\t<!-- Thumbnails -->\n\t\t\t\t<div id=\"ngg-image-0\" class=\"ngg-gallery-thumbnail-box ngg-4-columns\" >\n\t\t\t\t        <div class=\"ngg-gallery-thumbnail\">\n            <a href=\"http:\/\/schmuck-werkstatt.com\/wp-content\/gallery\/mokume-gane-mokumeb\/copy_0_copy_0_mokume-1.jpg\"\n               title=\"\"\n               data-src=\"http:\/\/schmuck-werkstatt.com\/wp-content\/gallery\/mokume-gane-mokumeb\/copy_0_copy_0_mokume-1.jpg\"\n               data-thumbnail=\"http:\/\/schmuck-werkstatt.com\/wp-content\/gallery\/mokume-gane-mokumeb\/thumbs\/thumbs_copy_0_copy_0_mokume-1.jpg\"\n               data-image-id=\"443\"\n               data-title=\"MOKUME\"\n               data-description=\"\"\n               data-image-slug=\"mokume\"\n               class=\"shutterset_338f7141c992207072e6a12b3349bde5\">\n                <img\n                    title=\"MOKUME\"\n                    alt=\"MOKUME\"\n                    src=\"http:\/\/schmuck-werkstatt.com\/wp-content\/gallery\/mokume-gane-mokumeb\/thumbs\/thumbs_copy_0_copy_0_mokume-1.jpg\"\n                    width=\"120\"\n                    height=\"90\"\n                    style=\"max-width:100%;\"\n                \/>\n            <\/a>\n        <\/div>\n\t\t\t\t\t\t\t<\/div> \n\t\t\t\n\t\t\t\t<div id=\"ngg-image-1\" class=\"ngg-gallery-thumbnail-box ngg-4-columns\" >\n\t\t\t\t        <div class=\"ngg-gallery-thumbnail\">\n            <a href=\"http:\/\/schmuck-werkstatt.com\/wp-content\/gallery\/mokume-gane-mokumeb\/copy_0_copy_0_mokume-2.jpg\"\n               title=\"\"\n               data-src=\"http:\/\/schmuck-werkstatt.com\/wp-content\/gallery\/mokume-gane-mokumeb\/copy_0_copy_0_mokume-2.jpg\"\n               data-thumbnail=\"http:\/\/schmuck-werkstatt.com\/wp-content\/gallery\/mokume-gane-mokumeb\/thumbs\/thumbs_copy_0_copy_0_mokume-2.jpg\"\n               data-image-id=\"444\"\n               data-title=\"MOKUME\"\n               data-description=\"\"\n               data-image-slug=\"mokume\"\n               class=\"shutterset_338f7141c992207072e6a12b3349bde5\">\n                <img\n                    title=\"MOKUME\"\n                    alt=\"MOKUME\"\n                    src=\"http:\/\/schmuck-werkstatt.com\/wp-content\/gallery\/mokume-gane-mokumeb\/thumbs\/thumbs_copy_0_copy_0_mokume-2.jpg\"\n                    width=\"120\"\n                    height=\"90\"\n                    style=\"max-width:100%;\"\n                \/>\n            <\/a>\n        <\/div>\n\t\t\t\t\t\t\t<\/div> \n\t\t\t\n\t\t\t\t<div id=\"ngg-image-2\" class=\"ngg-gallery-thumbnail-box ngg-4-columns\" >\n\t\t\t\t        <div class=\"ngg-gallery-thumbnail\">\n            <a href=\"http:\/\/schmuck-werkstatt.com\/wp-content\/gallery\/mokume-gane-mokumeb\/copy_0_copy_0_mokume-schraubenmutter-1.jpg\"\n               title=\"\"\n               data-src=\"http:\/\/schmuck-werkstatt.com\/wp-content\/gallery\/mokume-gane-mokumeb\/copy_0_copy_0_mokume-schraubenmutter-1.jpg\"\n               data-thumbnail=\"http:\/\/schmuck-werkstatt.com\/wp-content\/gallery\/mokume-gane-mokumeb\/thumbs\/thumbs_copy_0_copy_0_mokume-schraubenmutter-1.jpg\"\n               data-image-id=\"445\"\n               data-title=\"SIX\"\n               data-description=\"\"\n               data-image-slug=\"six\"\n               class=\"shutterset_338f7141c992207072e6a12b3349bde5\">\n                <img\n                    title=\"SIX\"\n                    alt=\"SIX\"\n                    src=\"http:\/\/schmuck-werkstatt.com\/wp-content\/gallery\/mokume-gane-mokumeb\/thumbs\/thumbs_copy_0_copy_0_mokume-schraubenmutter-1.jpg\"\n                    width=\"120\"\n                    height=\"90\"\n                    style=\"max-width:100%;\"\n                \/>\n            <\/a>\n        <\/div>\n\t\t\t\t\t\t\t<\/div> \n\t\t\t\n\t\n\t<br style=\"clear: both\" \/>\n\n\t\n\t\t<!-- Pagination -->\n\t<div class='ngg-clear'><\/div>\t<\/div>\nDer Ursprung der Mokume Gane &#8211; Technik findet sich in der \u00fcber 2000 Jahre alten japanischen Schwertschmiedekunst. Die Geschichte miteinander verschmiedeter und gemusterter Metalle begann mit der Suche nach einem geeigneten Werkstoff f\u00fcr Schwertklingen. Doch w\u00e4hrend bei diesen Schichtmetallen, die unter dem Namen Damaszenerstahl bekannt wurden, die hervorragenden mechanischen Eigenschaften im Vordergrund standen, sind es bei Mokume Gane die optischen Besonderheiten, die den wahren Reiz des Materials ausmachen. Die Mokume Gane &#8211; Struktur, die durch das Verschwei\u00dfen verschiedener Edel- und Buntmetalle und anschlie\u00dfendes \u00c4tzen, Punzieren, Fr\u00e4sen, Bohren, Torsieren und Schmieden entsteht, erinnert h\u00e4ufig an eine feine Holzmaserung. So l\u00e4sst sich auch der Name aus den urspr\u00fcnglichen japanischen Begriffen MOKUME f\u00fcr Holzmaserung und GANE f\u00fcr Metall ableiten.Die Mokume Gane &#8211; Schmuckst\u00fccke, die Sie hier sehen, bestehen aus Silber 925 und Kupfer.<\/p>\n<p><a title=\"EINMAL HIN, EINMAL HER, RUNDHERUM-DAS IST NICHT SCHWER\" href=\"http:\/\/schmuck-werkstatt.com\/index.php\/mokume-gane-schmuck\/mokume-gane-einmal-hin-einmal-her-rundherum-das-ist-nicht-schwer\/\" target=\"_self\"><img class=\"ngg-singlepic ngg-none\" src=\"http:\/\/schmuck-werkstatt.com\/wp-content\/gallery\/mokume-gane-einmal-hin-einmal-her-rundherum-das-ist-nicht-schwer\/thumbs\/thumbs_einmal1.jpg\" alt=\"EINMAL HIN, EINMAL HER...\" \/><\/a><a title=\"BI\" href=\"http:\/\/schmuck-werkstatt.com\/index.php\/mokume-gane-schmuck\/mokume-gane-bi\/\" target=\"_self\"><img class=\"ngg-singlepic ngg-none\" src=\"http:\/\/schmuck-werkstatt.com\/wp-content\/gallery\/mokume-gane-bi\/thumbs\/thumbs_bi-1-dscn6004.jpg\" alt=\"BI\" \/><\/a><a title=\"IN VINO VERITAS\" href=\"http:\/\/schmuck-werkstatt.com\/index.php\/mokume-gane-schmuck\/mokume-gane-in-vino-veritas\/\" target=\"_self\"><img class=\"ngg-singlepic ngg-none\" src=\"http:\/\/schmuck-werkstatt.com\/wp-content\/gallery\/mokume-gane-in-vino-veritas\/thumbs\/thumbs_in-vino-veritas-1-dscn7951.jpg\" alt=\"IN VINO VERITAS\" \/><\/a><a title=\"SIX\" href=\"http:\/\/schmuck-werkstatt.com\/index.php\/mokume-gane-schmuck\/mokume-gane-mokume\/\" target=\"_self\"><img class=\"ngg-singlepic ngg-none\" src=\"http:\/\/schmuck-werkstatt.com\/wp-content\/gallery\/mokume-gane-mokume\/thumbs\/thumbs_mokume-schraubenmutter-2.jpg\" alt=\"SIX \" \/><\/a><a title=\"ROT-WEISS-ROT\" href=\"http:\/\/schmuck-werkstatt.com\/index.php\/mokume-gane-schmuck\/mokume-gane-rot-weis-rot\/\" target=\"_self\"><img class=\"ngg-singlepic ngg-none\" src=\"http:\/\/schmuck-werkstatt.com\/wp-content\/gallery\/mokume-gane-rot-weis-rot\/thumbs\/thumbs_rot-weiss-rot-1-dscn4265.jpg\" alt=\"ROT WEISS ROT\" \/><\/a><a title=\"SMOKY\" href=\"http:\/\/schmuck-werkstatt.com\/index.php\/mokume-gane-schmuck\/mokume-gane-smoky\/\" target=\"_self\"><img class=\"ngg-singlepic ngg-none\" src=\"http:\/\/schmuck-werkstatt.com\/wp-content\/gallery\/mokume-gane-smoky\/thumbs\/thumbs_smoky-1.jpg\" alt=\"SMOKY \" \/><\/a><a title=\"VINO TINTO\" href=\"http:\/\/schmuck-werkstatt.com\/index.php\/mokume-gane-schmuck\/mokume-gane-vino-tinto\/\" target=\"_self\"><img class=\"ngg-singlepic ngg-none\" src=\"http:\/\/schmuck-werkstatt.com\/wp-content\/gallery\/mokume-gane-vino-tinto\/thumbs\/thumbs_vino-tinto-1-dscn7963.jpg\" alt=\"VINO TINTO\" \/><\/a><a title=\"WATCHING YOU\" href=\"http:\/\/schmuck-werkstatt.com\/index.php\/mokume-gane-schmuck\/mokume-gane-watching-you\/\" target=\"_self\"><img class=\"ngg-singlepic ngg-none\" src=\"http:\/\/schmuck-werkstatt.com\/wp-content\/gallery\/mokume-gane-watching-you\/thumbs\/thumbs_watching-you-1-dscn7850.jpg\" alt=\"WATCHING YOU\" \/><\/a>&#8230;&#8230;&#8230;&#8230;&#8230;&#8230;&#8230;&#8230;&#8230;&#8230;&#8230;&#8230;&#8230;&#8230;&#8230;&#8230;&#8230;&#8230;&#8230;&#8230;&#8230;&#8230;&#8230;&#8230;&#8230;&#8230;&#8230;&#8230;&#8230;&#8230;&#8230;&#8230;<\/p>\n<p><a href=\"http:\/\/schmuck-werkstatt.com\/index.php\/galerie\" target=\"_self\">zur\u00fcck zur \u00dcbersicht<\/a><\/p>\n","protected":false},"excerpt":{"rendered":"<p>Der Ursprung der Mokume Gane &#8211; Technik findet sich in der \u00fcber 2000 Jahre alten japanischen Schwertschmiedekunst. Die Geschichte miteinander verschmiedeter und gemusterter Metalle begann mit der Suche nach einem geeigneten Werkstoff f\u00fcr Schwertklingen. Doch w\u00e4hrend bei diesen Schichtmetallen, die unter dem Namen Damaszenerstahl bekannt wurden, die hervorragenden mechanischen Eigenschaften im Vordergrund standen, sind es [&hellip;]<\/p>\n","protected":false},"author":4,"featured_media":0,"parent":0,"menu_order":0,"comment_status":"open","ping_status":"open","template":"","meta":{"ngg_post_thumbnail":0},"_links":{"self":[{"href":"http:\/\/schmuck-werkstatt.com\/index.php\/wp-json\/wp\/v2\/pages\/219"}],"collection":[{"href":"http:\/\/schmuck-werkstatt.com\/index.php\/wp-json\/wp\/v2\/pages"}],"about":[{"href":"http:\/\/schmuck-werkstatt.com\/index.php\/wp-json\/wp\/v2\/types\/page"}],"author":[{"embeddable":true,"href":"http:\/\/schmuck-werkstatt.com\/index.php\/wp-json\/wp\/v2\/users\/4"}],"replies":[{"embeddable":true,"href":"http:\/\/schmuck-werkstatt.com\/index.php\/wp-json\/wp\/v2\/comments?post=219"}],"version-history":[{"count":2,"href":"http:\/\/schmuck-werkstatt.com\/index.php\/wp-json\/wp\/v2\/pages\/219\/revisions"}],"predecessor-version":[{"id":1429,"href":"http:\/\/schmuck-werkstatt.com\/index.php\/wp-json\/wp\/v2\/pages\/219\/revisions\/1429"}],"wp:attachment":[{"href":"http:\/\/schmuck-werkstatt.com\/index.php\/wp-json\/wp\/v2\/media?parent=219"}],"curies":[{"name":"wp","href":"https:\/\/api.w.org\/{rel}","templated":true}]}}