{"id":28,"date":"2010-09-17T07:29:38","date_gmt":"2010-09-17T07:29:38","guid":{"rendered":"http:\/\/www.elvirafleischanderl.at\/index.php\/"},"modified":"2012-06-13T19:51:23","modified_gmt":"2012-06-13T17:51:23","slug":"portrait","status":"publish","type":"page","link":"http:\/\/schmuck-werkstatt.com\/index.php\/portrait\/","title":{"rendered":"portrait"},"content":{"rendered":"<p><strong> <\/strong>Elvira Fleischanderl &#8211; 1971 in Rainbach im M\u00fchlkreis geboren &#8211;\u00a0 entschied sich erst nach ihrem Maturaabschluss und einem kurzen \u201cReinschnuppern\u201d an der Hochschule f\u00fcr angewandte Kunst f\u00fcr das Erlernen des Goldschmiedehandwerks in der Fachschule f\u00fcr Kunsthandwerk in Steyr.<br \/>\nNach einigen lehrreichen Jahren in verschiedenen Goldschmiedeateliers legte sie im Jahr 2004 die Goldschmiede-Meisterpr\u00fcfung ab, entdeckte ihre Liebe zu den Edelsteinen und vertiefte ihr Fachwissen in der Gemmologischen Akademie im Wifi-Linz, wo sie 2006 die Diplompr\u00fcfung zur internationalen Diamant- und Edelsteinfachfrau ablegte.<\/p>\n<p>Elvira Fleischanderl lebt und arbeitet als selbst\u00e4ndige Goldschmiedin in Gallneukirchen.<\/p>\n","protected":false},"excerpt":{"rendered":"<p>Elvira Fleischanderl &#8211; 1971 in Rainbach im M\u00fchlkreis geboren &#8211;\u00a0 entschied sich erst nach ihrem Maturaabschluss und einem kurzen \u201cReinschnuppern\u201d an der Hochschule f\u00fcr angewandte Kunst f\u00fcr das Erlernen des Goldschmiedehandwerks in der Fachschule f\u00fcr Kunsthandwerk in Steyr. Nach einigen lehrreichen Jahren in verschiedenen Goldschmiedeateliers legte sie im Jahr 2004 die Goldschmiede-Meisterpr\u00fcfung ab, entdeckte ihre [&hellip;]<\/p>\n","protected":false},"author":4,"featured_media":0,"parent":0,"menu_order":2,"comment_status":"open","ping_status":"open","template":"","meta":{"ngg_post_thumbnail":0},"_links":{"self":[{"href":"http:\/\/schmuck-werkstatt.com\/index.php\/wp-json\/wp\/v2\/pages\/28"}],"collection":[{"href":"http:\/\/schmuck-werkstatt.com\/index.php\/wp-json\/wp\/v2\/pages"}],"about":[{"href":"http:\/\/schmuck-werkstatt.com\/index.php\/wp-json\/wp\/v2\/types\/page"}],"author":[{"embeddable":true,"href":"http:\/\/schmuck-werkstatt.com\/index.php\/wp-json\/wp\/v2\/users\/4"}],"replies":[{"embeddable":true,"href":"http:\/\/schmuck-werkstatt.com\/index.php\/wp-json\/wp\/v2\/comments?post=28"}],"version-history":[{"count":1,"href":"http:\/\/schmuck-werkstatt.com\/index.php\/wp-json\/wp\/v2\/pages\/28\/revisions"}],"predecessor-version":[{"id":1542,"href":"http:\/\/schmuck-werkstatt.com\/index.php\/wp-json\/wp\/v2\/pages\/28\/revisions\/1542"}],"wp:attachment":[{"href":"http:\/\/schmuck-werkstatt.com\/index.php\/wp-json\/wp\/v2\/media?parent=28"}],"curies":[{"name":"wp","href":"https:\/\/api.w.org\/{rel}","templated":true}]}}