{"id":30,"date":"2010-09-17T07:30:02","date_gmt":"2010-09-17T07:30:02","guid":{"rendered":"http:\/\/www.elvirafleischanderl.at\/index.php\/"},"modified":"2012-06-13T19:50:04","modified_gmt":"2012-06-13T17:50:04","slug":"startseite","status":"publish","type":"page","link":"http:\/\/schmuck-werkstatt.com\/","title":{"rendered":"willkommen"},"content":{"rendered":"<p><em> <\/em><em>\u201cAlle Kunst ist gut, mit Ausnahme der langweiligen\u2026\u201d <\/em><em>(Voltaire)<\/em><\/p>\n<p>Die Schmuckk\u00fcnstlerin Elvira Fleischanderl hei\u00dft Sie in ihrer virtuellen Goldschmiede-Welt herzlich willkommen und l\u00e4dt ein zum hoffentlich &#8222;kurzweiligen&#8220; Schm\u00f6kern\u2026.<\/p>\n<p style=\"text-align: center;\"><a href=\"http:\/\/schmuck-werkstatt.com\/wp-content\/uploads\/2010\/09\/Unbenannt-1.gif\"><\/a><a href=\"http:\/\/schmuck-werkstatt.com\/wp-content\/uploads\/2010\/09\/Unbenannt-2.gif\"><\/a><a class=\"shutterset_\" href=\"http:\/\/www.elvirafleischanderl.at\/wp-content\/gallery\/willkommen\/ringelblume-ganseblamchen-1-_mg_1721_edited.png\"><\/a><\/p>\n","protected":false},"excerpt":{"rendered":"<p>\u201cAlle Kunst ist gut, mit Ausnahme der langweiligen\u2026\u201d (Voltaire) Die Schmuckk\u00fcnstlerin Elvira Fleischanderl hei\u00dft Sie in ihrer virtuellen Goldschmiede-Welt herzlich willkommen und l\u00e4dt ein zum hoffentlich &#8222;kurzweiligen&#8220; Schm\u00f6kern\u2026.<\/p>\n","protected":false},"author":4,"featured_media":0,"parent":0,"menu_order":0,"comment_status":"open","ping_status":"open","template":"","meta":{"ngg_post_thumbnail":0},"_links":{"self":[{"href":"http:\/\/schmuck-werkstatt.com\/index.php\/wp-json\/wp\/v2\/pages\/30"}],"collection":[{"href":"http:\/\/schmuck-werkstatt.com\/index.php\/wp-json\/wp\/v2\/pages"}],"about":[{"href":"http:\/\/schmuck-werkstatt.com\/index.php\/wp-json\/wp\/v2\/types\/page"}],"author":[{"embeddable":true,"href":"http:\/\/schmuck-werkstatt.com\/index.php\/wp-json\/wp\/v2\/users\/4"}],"replies":[{"embeddable":true,"href":"http:\/\/schmuck-werkstatt.com\/index.php\/wp-json\/wp\/v2\/comments?post=30"}],"version-history":[{"count":6,"href":"http:\/\/schmuck-werkstatt.com\/index.php\/wp-json\/wp\/v2\/pages\/30\/revisions"}],"predecessor-version":[{"id":1541,"href":"http:\/\/schmuck-werkstatt.com\/index.php\/wp-json\/wp\/v2\/pages\/30\/revisions\/1541"}],"wp:attachment":[{"href":"http:\/\/schmuck-werkstatt.com\/index.php\/wp-json\/wp\/v2\/media?parent=30"}],"curies":[{"name":"wp","href":"https:\/\/api.w.org\/{rel}","templated":true}]}}