{"id":304,"date":"2010-11-25T10:19:08","date_gmt":"2010-11-25T10:19:08","guid":{"rendered":"http:\/\/www.elvirafleischanderl.at\/index.php\/ringe\/ringe-die-quadratur-des-kreises\/"},"modified":"2011-08-01T15:52:47","modified_gmt":"2011-08-01T13:52:47","slug":"ringe-die-quadratur-des-kreises","status":"publish","type":"page","link":"http:\/\/schmuck-werkstatt.com\/index.php\/ringe\/ringe-die-quadratur-des-kreises\/","title":{"rendered":"Ringe: die quadratur des Kreises"},"content":{"rendered":"<p><!-- default-view.php -->\n<div\n\tclass=\"ngg-galleryoverview default-view  ngg-ajax-pagination-none\"\n\tid=\"ngg-gallery-af1675a9c78b622f2cb1b4769c085d97-1\">\n\n\t\t<!-- Thumbnails -->\n\t\t\t\t<div id=\"ngg-image-0\" class=\"ngg-gallery-thumbnail-box ngg-4-columns\" >\n\t\t\t\t        <div class=\"ngg-gallery-thumbnail\">\n            <a href=\"http:\/\/schmuck-werkstatt.com\/wp-content\/gallery\/ringe-die-quadratur-des-kreises\/die-quadratur-des-kreises-1-dscn7364.jpg\"\n               title=\"\"\n               data-src=\"http:\/\/schmuck-werkstatt.com\/wp-content\/gallery\/ringe-die-quadratur-des-kreises\/die-quadratur-des-kreises-1-dscn7364.jpg\"\n               data-thumbnail=\"http:\/\/schmuck-werkstatt.com\/wp-content\/gallery\/ringe-die-quadratur-des-kreises\/thumbs\/thumbs_die-quadratur-des-kreises-1-dscn7364.jpg\"\n               data-image-id=\"468\"\n               data-title=\"die-quadratur-des-kreises-1-dscn7364\"\n               data-description=\"\"\n               data-image-slug=\"die-quadratur-des-kreises-1-dscn7364\"\n               class=\"shutterset_af1675a9c78b622f2cb1b4769c085d97\">\n                <img\n                    title=\"die-quadratur-des-kreises-1-dscn7364\"\n                    alt=\"die-quadratur-des-kreises-1-dscn7364\"\n                    src=\"http:\/\/schmuck-werkstatt.com\/wp-content\/gallery\/ringe-die-quadratur-des-kreises\/thumbs\/thumbs_die-quadratur-des-kreises-1-dscn7364.jpg\"\n                    width=\"120\"\n                    height=\"90\"\n                    style=\"max-width:100%;\"\n                \/>\n            <\/a>\n        <\/div>\n\t\t\t\t\t\t\t<\/div> \n\t\t\t\n\t\t\t\t<div id=\"ngg-image-1\" class=\"ngg-gallery-thumbnail-box ngg-4-columns\" >\n\t\t\t\t        <div class=\"ngg-gallery-thumbnail\">\n            <a href=\"http:\/\/schmuck-werkstatt.com\/wp-content\/gallery\/ringe-die-quadratur-des-kreises\/img_2381.jpg\"\n               title=\"\"\n               data-src=\"http:\/\/schmuck-werkstatt.com\/wp-content\/gallery\/ringe-die-quadratur-des-kreises\/img_2381.jpg\"\n               data-thumbnail=\"http:\/\/schmuck-werkstatt.com\/wp-content\/gallery\/ringe-die-quadratur-des-kreises\/thumbs\/thumbs_img_2381.jpg\"\n               data-image-id=\"469\"\n               data-title=\"img_2381\"\n               data-description=\"\"\n               data-image-slug=\"img_2381\"\n               class=\"shutterset_af1675a9c78b622f2cb1b4769c085d97\">\n                <img\n                    title=\"img_2381\"\n                    alt=\"img_2381\"\n                    src=\"http:\/\/schmuck-werkstatt.com\/wp-content\/gallery\/ringe-die-quadratur-des-kreises\/thumbs\/thumbs_img_2381.jpg\"\n                    width=\"120\"\n                    height=\"90\"\n                    style=\"max-width:100%;\"\n                \/>\n            <\/a>\n        <\/div>\n\t\t\t\t\t\t\t<\/div> \n\t\t\t\n\t\t\t\t<div id=\"ngg-image-2\" class=\"ngg-gallery-thumbnail-box ngg-4-columns\" >\n\t\t\t\t        <div class=\"ngg-gallery-thumbnail\">\n            <a href=\"http:\/\/schmuck-werkstatt.com\/wp-content\/gallery\/ringe-die-quadratur-des-kreises\/img_2382.jpg\"\n               title=\"\"\n               data-src=\"http:\/\/schmuck-werkstatt.com\/wp-content\/gallery\/ringe-die-quadratur-des-kreises\/img_2382.jpg\"\n               data-thumbnail=\"http:\/\/schmuck-werkstatt.com\/wp-content\/gallery\/ringe-die-quadratur-des-kreises\/thumbs\/thumbs_img_2382.jpg\"\n               data-image-id=\"470\"\n               data-title=\"img_2382\"\n               data-description=\"\"\n               data-image-slug=\"img_2382\"\n               class=\"shutterset_af1675a9c78b622f2cb1b4769c085d97\">\n                <img\n                    title=\"img_2382\"\n                    alt=\"img_2382\"\n                    src=\"http:\/\/schmuck-werkstatt.com\/wp-content\/gallery\/ringe-die-quadratur-des-kreises\/thumbs\/thumbs_img_2382.jpg\"\n                    width=\"120\"\n                    height=\"90\"\n                    style=\"max-width:100%;\"\n                \/>\n            <\/a>\n        <\/div>\n\t\t\t\t\t\t\t<\/div> \n\t\t\t\n\t\n\t<br style=\"clear: both\" \/>\n\n\t\n\t\t<!-- Pagination -->\n\t<div class='ngg-clear'><\/div>\t<\/div>\n <strong>&#8222;DIE QUADRATUR DES KREISES&#8220;<\/strong> Ring Silber 925, Gelbgold 585 S\u00fc\u00dfwasser-Kulturperle, beh <a href=\"http:\/\/schmuck-werkstatt.com\/index.php\/ringe\" target=\"_self\"><\/a><\/p>\n<p><a href=\"http:\/\/schmuck-werkstatt.com\/index.php\/ringe\" target=\"_self\">zur\u00fcck zu <em>Ringe<\/em><\/a><\/p>\n","protected":false},"excerpt":{"rendered":"<p>&#8222;DIE QUADRATUR DES KREISES&#8220; Ring Silber 925, Gelbgold 585 S\u00fc\u00dfwasser-Kulturperle, beh zur\u00fcck zu Ringe<\/p>\n","protected":false},"author":4,"featured_media":0,"parent":41,"menu_order":0,"comment_status":"open","ping_status":"open","template":"","meta":{"ngg_post_thumbnail":0},"_links":{"self":[{"href":"http:\/\/schmuck-werkstatt.com\/index.php\/wp-json\/wp\/v2\/pages\/304"}],"collection":[{"href":"http:\/\/schmuck-werkstatt.com\/index.php\/wp-json\/wp\/v2\/pages"}],"about":[{"href":"http:\/\/schmuck-werkstatt.com\/index.php\/wp-json\/wp\/v2\/types\/page"}],"author":[{"embeddable":true,"href":"http:\/\/schmuck-werkstatt.com\/index.php\/wp-json\/wp\/v2\/users\/4"}],"replies":[{"embeddable":true,"href":"http:\/\/schmuck-werkstatt.com\/index.php\/wp-json\/wp\/v2\/comments?post=304"}],"version-history":[{"count":2,"href":"http:\/\/schmuck-werkstatt.com\/index.php\/wp-json\/wp\/v2\/pages\/304\/revisions"}],"predecessor-version":[{"id":1450,"href":"http:\/\/schmuck-werkstatt.com\/index.php\/wp-json\/wp\/v2\/pages\/304\/revisions\/1450"}],"up":[{"embeddable":true,"href":"http:\/\/schmuck-werkstatt.com\/index.php\/wp-json\/wp\/v2\/pages\/41"}],"wp:attachment":[{"href":"http:\/\/schmuck-werkstatt.com\/index.php\/wp-json\/wp\/v2\/media?parent=304"}],"curies":[{"name":"wp","href":"https:\/\/api.w.org\/{rel}","templated":true}]}}