{"id":494,"date":"2010-11-27T10:31:46","date_gmt":"2010-11-27T10:31:46","guid":{"rendered":"http:\/\/www.elvirafleischanderl.at\/index.php\/"},"modified":"2011-08-01T15:36:22","modified_gmt":"2011-08-01T13:36:22","slug":"halsschmuck-engelshaar","status":"publish","type":"page","link":"http:\/\/schmuck-werkstatt.com\/index.php\/halsschmuck\/halsschmuck-engelshaar\/","title":{"rendered":"Halsschmuck: Engelshaar"},"content":{"rendered":"<p><!-- default-view.php -->\n<div\n\tclass=\"ngg-galleryoverview default-view  ngg-ajax-pagination-none\"\n\tid=\"ngg-gallery-f3fe2b2c1832be5600ae17bce4d60875-1\">\n\n\t\t<!-- Thumbnails -->\n\t\t\t\t<div id=\"ngg-image-0\" class=\"ngg-gallery-thumbnail-box ngg-4-columns\" >\n\t\t\t\t        <div class=\"ngg-gallery-thumbnail\">\n            <a href=\"http:\/\/schmuck-werkstatt.com\/wp-content\/gallery\/halsschmuck-engelshaar\/engelshaar-1-dscn2615_0.jpg\"\n               title=\"\"\n               data-src=\"http:\/\/schmuck-werkstatt.com\/wp-content\/gallery\/halsschmuck-engelshaar\/engelshaar-1-dscn2615_0.jpg\"\n               data-thumbnail=\"http:\/\/schmuck-werkstatt.com\/wp-content\/gallery\/halsschmuck-engelshaar\/thumbs\/thumbs_engelshaar-1-dscn2615_0.jpg\"\n               data-image-id=\"398\"\n               data-title=\"ENGELSHAAR\"\n               data-description=\"\"\n               data-image-slug=\"engelshaar\"\n               class=\"shutterset_f3fe2b2c1832be5600ae17bce4d60875\">\n                <img\n                    title=\"ENGELSHAAR\"\n                    alt=\"ENGELSHAAR\"\n                    src=\"http:\/\/schmuck-werkstatt.com\/wp-content\/gallery\/halsschmuck-engelshaar\/thumbs\/thumbs_engelshaar-1-dscn2615_0.jpg\"\n                    width=\"120\"\n                    height=\"90\"\n                    style=\"max-width:100%;\"\n                \/>\n            <\/a>\n        <\/div>\n\t\t\t\t\t\t\t<\/div> \n\t\t\t\n\t\t\t\t<div id=\"ngg-image-1\" class=\"ngg-gallery-thumbnail-box ngg-4-columns\" >\n\t\t\t\t        <div class=\"ngg-gallery-thumbnail\">\n            <a href=\"http:\/\/schmuck-werkstatt.com\/wp-content\/gallery\/halsschmuck-engelshaar\/engelshaar-2-dscn2629_0.jpg\"\n               title=\"\"\n               data-src=\"http:\/\/schmuck-werkstatt.com\/wp-content\/gallery\/halsschmuck-engelshaar\/engelshaar-2-dscn2629_0.jpg\"\n               data-thumbnail=\"http:\/\/schmuck-werkstatt.com\/wp-content\/gallery\/halsschmuck-engelshaar\/thumbs\/thumbs_engelshaar-2-dscn2629_0.jpg\"\n               data-image-id=\"399\"\n               data-title=\"ENGELSHAAR\"\n               data-description=\"\"\n               data-image-slug=\"engelshaar\"\n               class=\"shutterset_f3fe2b2c1832be5600ae17bce4d60875\">\n                <img\n                    title=\"ENGELSHAAR\"\n                    alt=\"ENGELSHAAR\"\n                    src=\"http:\/\/schmuck-werkstatt.com\/wp-content\/gallery\/halsschmuck-engelshaar\/thumbs\/thumbs_engelshaar-2-dscn2629_0.jpg\"\n                    width=\"120\"\n                    height=\"90\"\n                    style=\"max-width:100%;\"\n                \/>\n            <\/a>\n        <\/div>\n\t\t\t\t\t\t\t<\/div> \n\t\t\t\n\t\n\t<br style=\"clear: both\" \/>\n\n\t\n\t\t<!-- Pagination -->\n\t<div class='ngg-clear'><\/div>\t<\/div>\n<strong> &#8222;ENGELSHAAR&#8220;<\/strong> Anh\u00e4nger Gelbgold 750, Palladium-Wei\u00dfgold 750 Rutilquarz, Brillanten <a href=\"http:\/\/schmuck-werkstatt.com\/index.php\/halsschmuck\" target=\"_self\"><\/a><\/p>\n<p><a href=\"http:\/\/schmuck-werkstatt.com\/index.php\/halsschmuck\" target=\"_self\">zur\u00fcck zu <em>Halsschmuck<\/em><\/a><\/p>\n","protected":false},"excerpt":{"rendered":"<p>&#8222;ENGELSHAAR&#8220; Anh\u00e4nger Gelbgold 750, Palladium-Wei\u00dfgold 750 Rutilquarz, Brillanten zur\u00fcck zu Halsschmuck<\/p>\n","protected":false},"author":3,"featured_media":0,"parent":190,"menu_order":0,"comment_status":"open","ping_status":"open","template":"","meta":{"ngg_post_thumbnail":0},"_links":{"self":[{"href":"http:\/\/schmuck-werkstatt.com\/index.php\/wp-json\/wp\/v2\/pages\/494"}],"collection":[{"href":"http:\/\/schmuck-werkstatt.com\/index.php\/wp-json\/wp\/v2\/pages"}],"about":[{"href":"http:\/\/schmuck-werkstatt.com\/index.php\/wp-json\/wp\/v2\/types\/page"}],"author":[{"embeddable":true,"href":"http:\/\/schmuck-werkstatt.com\/index.php\/wp-json\/wp\/v2\/users\/3"}],"replies":[{"embeddable":true,"href":"http:\/\/schmuck-werkstatt.com\/index.php\/wp-json\/wp\/v2\/comments?post=494"}],"version-history":[{"count":1,"href":"http:\/\/schmuck-werkstatt.com\/index.php\/wp-json\/wp\/v2\/pages\/494\/revisions"}],"predecessor-version":[{"id":1405,"href":"http:\/\/schmuck-werkstatt.com\/index.php\/wp-json\/wp\/v2\/pages\/494\/revisions\/1405"}],"up":[{"embeddable":true,"href":"http:\/\/schmuck-werkstatt.com\/index.php\/wp-json\/wp\/v2\/pages\/190"}],"wp:attachment":[{"href":"http:\/\/schmuck-werkstatt.com\/index.php\/wp-json\/wp\/v2\/media?parent=494"}],"curies":[{"name":"wp","href":"https:\/\/api.w.org\/{rel}","templated":true}]}}