{"id":520,"date":"2010-11-27T11:13:24","date_gmt":"2010-11-27T11:13:24","guid":{"rendered":"http:\/\/www.elvirafleischanderl.at\/index.php\/"},"modified":"2011-08-01T15:37:02","modified_gmt":"2011-08-01T13:37:02","slug":"halsschmuck-herbst-bluten","status":"publish","type":"page","link":"http:\/\/schmuck-werkstatt.com\/index.php\/halsschmuck\/halsschmuck-herbst-bluten\/","title":{"rendered":"Halsschmuck: Herbst-Bl\u00fcten"},"content":{"rendered":"<p><!-- default-view.php -->\n<div\n\tclass=\"ngg-galleryoverview default-view  ngg-ajax-pagination-none\"\n\tid=\"ngg-gallery-384933f5ee04e70bbba7116cbb682b61-1\">\n\n\t\t<!-- Thumbnails -->\n\t\t\t\t<div id=\"ngg-image-0\" class=\"ngg-gallery-thumbnail-box ngg-4-columns\" >\n\t\t\t\t        <div class=\"ngg-gallery-thumbnail\">\n            <a href=\"http:\/\/schmuck-werkstatt.com\/wp-content\/gallery\/halsschmuck-herbst-bluten\/herbst-blaoeten-3-dscn7309_0.jpg\"\n               title=\"\"\n               data-src=\"http:\/\/schmuck-werkstatt.com\/wp-content\/gallery\/halsschmuck-herbst-bluten\/herbst-blaoeten-3-dscn7309_0.jpg\"\n               data-thumbnail=\"http:\/\/schmuck-werkstatt.com\/wp-content\/gallery\/halsschmuck-herbst-bluten\/thumbs\/thumbs_herbst-blaoeten-3-dscn7309_0.jpg\"\n               data-image-id=\"406\"\n               data-title=\"HERBST-BL\u00dcTEN\"\n               data-description=\"\"\n               data-image-slug=\"herbst-bl%c3%bcten\"\n               class=\"shutterset_384933f5ee04e70bbba7116cbb682b61\">\n                <img\n                    title=\"HERBST-BL\u00dcTEN\"\n                    alt=\"HERBST-BL\u00dcTEN\"\n                    src=\"http:\/\/schmuck-werkstatt.com\/wp-content\/gallery\/halsschmuck-herbst-bluten\/thumbs\/thumbs_herbst-blaoeten-3-dscn7309_0.jpg\"\n                    width=\"120\"\n                    height=\"90\"\n                    style=\"max-width:100%;\"\n                \/>\n            <\/a>\n        <\/div>\n\t\t\t\t\t\t\t<\/div> \n\t\t\t\n\t\t\t\t<div id=\"ngg-image-1\" class=\"ngg-gallery-thumbnail-box ngg-4-columns\" >\n\t\t\t\t        <div class=\"ngg-gallery-thumbnail\">\n            <a href=\"http:\/\/schmuck-werkstatt.com\/wp-content\/gallery\/halsschmuck-herbst-bluten\/herbstblaoeten-2-dscn7389_0.jpg\"\n               title=\"\"\n               data-src=\"http:\/\/schmuck-werkstatt.com\/wp-content\/gallery\/halsschmuck-herbst-bluten\/herbstblaoeten-2-dscn7389_0.jpg\"\n               data-thumbnail=\"http:\/\/schmuck-werkstatt.com\/wp-content\/gallery\/halsschmuck-herbst-bluten\/thumbs\/thumbs_herbstblaoeten-2-dscn7389_0.jpg\"\n               data-image-id=\"407\"\n               data-title=\"HERBST-BL\u00dcTEN\"\n               data-description=\"\"\n               data-image-slug=\"herbst-bl%c3%bcten\"\n               class=\"shutterset_384933f5ee04e70bbba7116cbb682b61\">\n                <img\n                    title=\"HERBST-BL\u00dcTEN\"\n                    alt=\"HERBST-BL\u00dcTEN\"\n                    src=\"http:\/\/schmuck-werkstatt.com\/wp-content\/gallery\/halsschmuck-herbst-bluten\/thumbs\/thumbs_herbstblaoeten-2-dscn7389_0.jpg\"\n                    width=\"120\"\n                    height=\"90\"\n                    style=\"max-width:100%;\"\n                \/>\n            <\/a>\n        <\/div>\n\t\t\t\t\t\t\t<\/div> \n\t\t\t\n\t\n\t<br style=\"clear: both\" \/>\n\n\t\n\t\t<!-- Pagination -->\n\t<div class='ngg-clear'><\/div>\t<\/div>\n<strong> &#8222;HERBST-BL\u00dcTEN&#8220;<\/strong> Collier Silber 925 Rauchquarz, Zitronenchrysopras, S\u00fc\u00dfwasser-Kulturperlen, beh <a href=\"http:\/\/schmuck-werkstatt.com\/index.php\/halsschmuck\" target=\"_self\"><\/a><\/p>\n<p><a href=\"http:\/\/schmuck-werkstatt.com\/index.php\/halsschmuck\" target=\"_self\">zur\u00fcck zu <em>Halsschmuck<\/em><\/a><\/p>\n","protected":false},"excerpt":{"rendered":"<p>&#8222;HERBST-BL\u00dcTEN&#8220; Collier Silber 925 Rauchquarz, Zitronenchrysopras, S\u00fc\u00dfwasser-Kulturperlen, beh zur\u00fcck zu Halsschmuck<\/p>\n","protected":false},"author":3,"featured_media":0,"parent":190,"menu_order":0,"comment_status":"open","ping_status":"open","template":"","meta":{"ngg_post_thumbnail":0},"_links":{"self":[{"href":"http:\/\/schmuck-werkstatt.com\/index.php\/wp-json\/wp\/v2\/pages\/520"}],"collection":[{"href":"http:\/\/schmuck-werkstatt.com\/index.php\/wp-json\/wp\/v2\/pages"}],"about":[{"href":"http:\/\/schmuck-werkstatt.com\/index.php\/wp-json\/wp\/v2\/types\/page"}],"author":[{"embeddable":true,"href":"http:\/\/schmuck-werkstatt.com\/index.php\/wp-json\/wp\/v2\/users\/3"}],"replies":[{"embeddable":true,"href":"http:\/\/schmuck-werkstatt.com\/index.php\/wp-json\/wp\/v2\/comments?post=520"}],"version-history":[{"count":2,"href":"http:\/\/schmuck-werkstatt.com\/index.php\/wp-json\/wp\/v2\/pages\/520\/revisions"}],"predecessor-version":[{"id":1407,"href":"http:\/\/schmuck-werkstatt.com\/index.php\/wp-json\/wp\/v2\/pages\/520\/revisions\/1407"}],"up":[{"embeddable":true,"href":"http:\/\/schmuck-werkstatt.com\/index.php\/wp-json\/wp\/v2\/pages\/190"}],"wp:attachment":[{"href":"http:\/\/schmuck-werkstatt.com\/index.php\/wp-json\/wp\/v2\/media?parent=520"}],"curies":[{"name":"wp","href":"https:\/\/api.w.org\/{rel}","templated":true}]}}