{"id":549,"date":"2010-11-27T11:58:21","date_gmt":"2010-11-27T11:58:21","guid":{"rendered":"http:\/\/www.elvirafleischanderl.at\/index.php\/"},"modified":"2011-08-01T15:39:15","modified_gmt":"2011-08-01T13:39:15","slug":"halsschmuck-mein-personlicher-schutzengel","status":"publish","type":"page","link":"http:\/\/schmuck-werkstatt.com\/index.php\/halsschmuck\/halsschmuck-mein-personlicher-schutzengel\/","title":{"rendered":"Halsschmuck: Mein pers\u00f6nlicher Schutzengel"},"content":{"rendered":"<p><!-- default-view.php -->\n<div\n\tclass=\"ngg-galleryoverview default-view  ngg-ajax-pagination-none\"\n\tid=\"ngg-gallery-2fe2ef57b5e132216d1534c8c78d9f40-1\">\n\n\t\t<!-- Thumbnails -->\n\t\t\t\t<div id=\"ngg-image-0\" class=\"ngg-gallery-thumbnail-box ngg-4-columns\" >\n\t\t\t\t        <div class=\"ngg-gallery-thumbnail\">\n            <a href=\"http:\/\/schmuck-werkstatt.com\/wp-content\/gallery\/halsschmuck-mein-personlicher-schutzengel\/schutzengel-nach-kinderzeichnung-1-dscn7939_0.jpg\"\n               title=\"\"\n               data-src=\"http:\/\/schmuck-werkstatt.com\/wp-content\/gallery\/halsschmuck-mein-personlicher-schutzengel\/schutzengel-nach-kinderzeichnung-1-dscn7939_0.jpg\"\n               data-thumbnail=\"http:\/\/schmuck-werkstatt.com\/wp-content\/gallery\/halsschmuck-mein-personlicher-schutzengel\/thumbs\/thumbs_schutzengel-nach-kinderzeichnung-1-dscn7939_0.jpg\"\n               data-image-id=\"411\"\n               data-title=\"SCHUTZENGEL NACH KINDERZEICHNUNG\"\n               data-description=\"\"\n               data-image-slug=\"schutzengel-nach-kinderzeichnung\"\n               class=\"shutterset_2fe2ef57b5e132216d1534c8c78d9f40\">\n                <img\n                    title=\"SCHUTZENGEL NACH KINDERZEICHNUNG\"\n                    alt=\"SCHUTZENGEL NACH KINDERZEICHNUNG\"\n                    src=\"http:\/\/schmuck-werkstatt.com\/wp-content\/gallery\/halsschmuck-mein-personlicher-schutzengel\/thumbs\/thumbs_schutzengel-nach-kinderzeichnung-1-dscn7939_0.jpg\"\n                    width=\"120\"\n                    height=\"90\"\n                    style=\"max-width:100%;\"\n                \/>\n            <\/a>\n        <\/div>\n\t\t\t\t\t\t\t<\/div> \n\t\t\t\n\t\t\t\t<div id=\"ngg-image-1\" class=\"ngg-gallery-thumbnail-box ngg-4-columns\" >\n\t\t\t\t        <div class=\"ngg-gallery-thumbnail\">\n            <a href=\"http:\/\/schmuck-werkstatt.com\/wp-content\/gallery\/halsschmuck-mein-personlicher-schutzengel\/schutzengel-zeichnung-1-dscn7941_0.jpg\"\n               title=\"\"\n               data-src=\"http:\/\/schmuck-werkstatt.com\/wp-content\/gallery\/halsschmuck-mein-personlicher-schutzengel\/schutzengel-zeichnung-1-dscn7941_0.jpg\"\n               data-thumbnail=\"http:\/\/schmuck-werkstatt.com\/wp-content\/gallery\/halsschmuck-mein-personlicher-schutzengel\/thumbs\/thumbs_schutzengel-zeichnung-1-dscn7941_0.jpg\"\n               data-image-id=\"412\"\n               data-title=\"SCHUTZENGEL ZEICHNUNG\"\n               data-description=\"\"\n               data-image-slug=\"schutzengel-zeichnung\"\n               class=\"shutterset_2fe2ef57b5e132216d1534c8c78d9f40\">\n                <img\n                    title=\"SCHUTZENGEL ZEICHNUNG\"\n                    alt=\"SCHUTZENGEL ZEICHNUNG\"\n                    src=\"http:\/\/schmuck-werkstatt.com\/wp-content\/gallery\/halsschmuck-mein-personlicher-schutzengel\/thumbs\/thumbs_schutzengel-zeichnung-1-dscn7941_0.jpg\"\n                    width=\"120\"\n                    height=\"90\"\n                    style=\"max-width:100%;\"\n                \/>\n            <\/a>\n        <\/div>\n\t\t\t\t\t\t\t<\/div> \n\t\t\t\n\t\n\t<br style=\"clear: both\" \/>\n\n\t\n\t\t<!-- Pagination -->\n\t<div class='ngg-clear'><\/div>\t<\/div>\n<strong> &#8222;MEIN PERS\u00d6NLICHER SCHUTZENGEL&#8220;<\/strong> Anh\u00e4nger angefertigt nach Kinderzeichnungen Silber 925<\/p>\n<p><a href=\"http:\/\/schmuck-werkstatt.com\/index.php\/halsschmuck\" target=\"_self\">zur\u00fcck zu <em>Halsschmuck<\/em><\/a><\/p>\n","protected":false},"excerpt":{"rendered":"<p>&#8222;MEIN PERS\u00d6NLICHER SCHUTZENGEL&#8220; Anh\u00e4nger angefertigt nach Kinderzeichnungen Silber 925 zur\u00fcck zu Halsschmuck<\/p>\n","protected":false},"author":3,"featured_media":0,"parent":190,"menu_order":0,"comment_status":"open","ping_status":"open","template":"","meta":{"ngg_post_thumbnail":0},"_links":{"self":[{"href":"http:\/\/schmuck-werkstatt.com\/index.php\/wp-json\/wp\/v2\/pages\/549"}],"collection":[{"href":"http:\/\/schmuck-werkstatt.com\/index.php\/wp-json\/wp\/v2\/pages"}],"about":[{"href":"http:\/\/schmuck-werkstatt.com\/index.php\/wp-json\/wp\/v2\/types\/page"}],"author":[{"embeddable":true,"href":"http:\/\/schmuck-werkstatt.com\/index.php\/wp-json\/wp\/v2\/users\/3"}],"replies":[{"embeddable":true,"href":"http:\/\/schmuck-werkstatt.com\/index.php\/wp-json\/wp\/v2\/comments?post=549"}],"version-history":[{"count":2,"href":"http:\/\/schmuck-werkstatt.com\/index.php\/wp-json\/wp\/v2\/pages\/549\/revisions"}],"predecessor-version":[{"id":1410,"href":"http:\/\/schmuck-werkstatt.com\/index.php\/wp-json\/wp\/v2\/pages\/549\/revisions\/1410"}],"up":[{"embeddable":true,"href":"http:\/\/schmuck-werkstatt.com\/index.php\/wp-json\/wp\/v2\/pages\/190"}],"wp:attachment":[{"href":"http:\/\/schmuck-werkstatt.com\/index.php\/wp-json\/wp\/v2\/media?parent=549"}],"curies":[{"name":"wp","href":"https:\/\/api.w.org\/{rel}","templated":true}]}}