{"id":566,"date":"2010-11-27T12:16:46","date_gmt":"2010-11-27T12:16:46","guid":{"rendered":"http:\/\/www.elvirafleischanderl.at\/index.php\/jagdschmuck\/jagdschmuck-murmeltier\/"},"modified":"2011-08-01T15:43:49","modified_gmt":"2011-08-01T13:43:49","slug":"jagdschmuck-murmeltier","status":"publish","type":"page","link":"http:\/\/schmuck-werkstatt.com\/index.php\/jagdschmuck\/jagdschmuck-murmeltier\/","title":{"rendered":"Jagdschmuck: Murmeltier"},"content":{"rendered":"<p><!-- default-view.php -->\n<div\n\tclass=\"ngg-galleryoverview default-view  ngg-ajax-pagination-none\"\n\tid=\"ngg-gallery-38f50dcb396fc4a673fdf3e044b3de46-1\">\n\n\t\t<!-- Thumbnails -->\n\t\t\t\t<div id=\"ngg-image-0\" class=\"ngg-gallery-thumbnail-box ngg-4-columns\" >\n\t\t\t\t        <div class=\"ngg-gallery-thumbnail\">\n            <a href=\"http:\/\/schmuck-werkstatt.com\/wp-content\/gallery\/jagdschmuck-murmeltier\/murmeltier-1-dscn6486.jpg\"\n               title=\"\"\n               data-src=\"http:\/\/schmuck-werkstatt.com\/wp-content\/gallery\/jagdschmuck-murmeltier\/murmeltier-1-dscn6486.jpg\"\n               data-thumbnail=\"http:\/\/schmuck-werkstatt.com\/wp-content\/gallery\/jagdschmuck-murmeltier\/thumbs\/thumbs_murmeltier-1-dscn6486.jpg\"\n               data-image-id=\"437\"\n               data-title=\"MURMELTIER\"\n               data-description=\"\"\n               data-image-slug=\"murmeltier\"\n               class=\"shutterset_38f50dcb396fc4a673fdf3e044b3de46\">\n                <img\n                    title=\"MURMELTIER\"\n                    alt=\"MURMELTIER\"\n                    src=\"http:\/\/schmuck-werkstatt.com\/wp-content\/gallery\/jagdschmuck-murmeltier\/thumbs\/thumbs_murmeltier-1-dscn6486.jpg\"\n                    width=\"120\"\n                    height=\"90\"\n                    style=\"max-width:100%;\"\n                \/>\n            <\/a>\n        <\/div>\n\t\t\t\t\t\t\t<\/div> \n\t\t\t\n\t\t\t\t<div id=\"ngg-image-1\" class=\"ngg-gallery-thumbnail-box ngg-4-columns\" >\n\t\t\t\t        <div class=\"ngg-gallery-thumbnail\">\n            <a href=\"http:\/\/schmuck-werkstatt.com\/wp-content\/gallery\/jagdschmuck-murmeltier\/murmeltier-2-dscn6488.jpg\"\n               title=\"\"\n               data-src=\"http:\/\/schmuck-werkstatt.com\/wp-content\/gallery\/jagdschmuck-murmeltier\/murmeltier-2-dscn6488.jpg\"\n               data-thumbnail=\"http:\/\/schmuck-werkstatt.com\/wp-content\/gallery\/jagdschmuck-murmeltier\/thumbs\/thumbs_murmeltier-2-dscn6488.jpg\"\n               data-image-id=\"438\"\n               data-title=\"MURMELTIER\"\n               data-description=\"\"\n               data-image-slug=\"murmeltier\"\n               class=\"shutterset_38f50dcb396fc4a673fdf3e044b3de46\">\n                <img\n                    title=\"MURMELTIER\"\n                    alt=\"MURMELTIER\"\n                    src=\"http:\/\/schmuck-werkstatt.com\/wp-content\/gallery\/jagdschmuck-murmeltier\/thumbs\/thumbs_murmeltier-2-dscn6488.jpg\"\n                    width=\"120\"\n                    height=\"90\"\n                    style=\"max-width:100%;\"\n                \/>\n            <\/a>\n        <\/div>\n\t\t\t\t\t\t\t<\/div> \n\t\t\t\n\t\n\t<br style=\"clear: both\" \/>\n\n\t\n\t\t<!-- Pagination -->\n\t<div class='ngg-clear'><\/div>\t<\/div>\n &#8222;<strong>MURMELTIER&#8220;<\/strong> Anh\u00e4nger Gelbgold 585 Murmeltier-Z\u00e4hne, Grandln<\/p>\n<p><a href=\"http:\/\/schmuck-werkstatt.com\/index.php\/jagdschmuck\" target=\"_self\">zur\u00fcck zu <em>Jagdschmuck<\/em><\/a><\/p>\n","protected":false},"excerpt":{"rendered":"<p>&#8222;MURMELTIER&#8220; Anh\u00e4nger Gelbgold 585 Murmeltier-Z\u00e4hne, Grandln zur\u00fcck zu Jagdschmuck<\/p>\n","protected":false},"author":4,"featured_media":0,"parent":188,"menu_order":0,"comment_status":"open","ping_status":"open","template":"","meta":{"ngg_post_thumbnail":0},"_links":{"self":[{"href":"http:\/\/schmuck-werkstatt.com\/index.php\/wp-json\/wp\/v2\/pages\/566"}],"collection":[{"href":"http:\/\/schmuck-werkstatt.com\/index.php\/wp-json\/wp\/v2\/pages"}],"about":[{"href":"http:\/\/schmuck-werkstatt.com\/index.php\/wp-json\/wp\/v2\/types\/page"}],"author":[{"embeddable":true,"href":"http:\/\/schmuck-werkstatt.com\/index.php\/wp-json\/wp\/v2\/users\/4"}],"replies":[{"embeddable":true,"href":"http:\/\/schmuck-werkstatt.com\/index.php\/wp-json\/wp\/v2\/comments?post=566"}],"version-history":[{"count":1,"href":"http:\/\/schmuck-werkstatt.com\/index.php\/wp-json\/wp\/v2\/pages\/566\/revisions"}],"predecessor-version":[{"id":1428,"href":"http:\/\/schmuck-werkstatt.com\/index.php\/wp-json\/wp\/v2\/pages\/566\/revisions\/1428"}],"up":[{"embeddable":true,"href":"http:\/\/schmuck-werkstatt.com\/index.php\/wp-json\/wp\/v2\/pages\/188"}],"wp:attachment":[{"href":"http:\/\/schmuck-werkstatt.com\/index.php\/wp-json\/wp\/v2\/media?parent=566"}],"curies":[{"name":"wp","href":"https:\/\/api.w.org\/{rel}","templated":true}]}}