{"id":583,"date":"2010-11-27T12:59:16","date_gmt":"2010-11-27T12:59:16","guid":{"rendered":"http:\/\/www.elvirafleischanderl.at\/index.php\/"},"modified":"2011-08-01T15:41:02","modified_gmt":"2011-08-01T13:41:02","slug":"halsschmuck-schnecke","status":"publish","type":"page","link":"http:\/\/schmuck-werkstatt.com\/index.php\/halsschmuck\/halsschmuck-schnecke\/","title":{"rendered":"Halsschmuck: Schnecke"},"content":{"rendered":"<p><!-- default-view.php -->\n<div\n\tclass=\"ngg-galleryoverview default-view  ngg-ajax-pagination-none\"\n\tid=\"ngg-gallery-68e6e7c8c91195fe487c85d081d0332f-1\">\n\n\t\t<!-- Thumbnails -->\n\t\t\t\t<div id=\"ngg-image-0\" class=\"ngg-gallery-thumbnail-box ngg-4-columns\" >\n\t\t\t\t        <div class=\"ngg-gallery-thumbnail\">\n            <a href=\"http:\/\/schmuck-werkstatt.com\/wp-content\/gallery\/halsschmuck-schnecke\/schnecke-1-dscn59800001.jpg\"\n               title=\"\"\n               data-src=\"http:\/\/schmuck-werkstatt.com\/wp-content\/gallery\/halsschmuck-schnecke\/schnecke-1-dscn59800001.jpg\"\n               data-thumbnail=\"http:\/\/schmuck-werkstatt.com\/wp-content\/gallery\/halsschmuck-schnecke\/thumbs\/thumbs_schnecke-1-dscn59800001.jpg\"\n               data-image-id=\"420\"\n               data-title=\"SCHNECKE\"\n               data-description=\"\"\n               data-image-slug=\"schnecke\"\n               class=\"shutterset_68e6e7c8c91195fe487c85d081d0332f\">\n                <img\n                    title=\"SCHNECKE\"\n                    alt=\"SCHNECKE\"\n                    src=\"http:\/\/schmuck-werkstatt.com\/wp-content\/gallery\/halsschmuck-schnecke\/thumbs\/thumbs_schnecke-1-dscn59800001.jpg\"\n                    width=\"120\"\n                    height=\"90\"\n                    style=\"max-width:100%;\"\n                \/>\n            <\/a>\n        <\/div>\n\t\t\t\t\t\t\t<\/div> \n\t\t\t\n\t\t\t\t<div id=\"ngg-image-1\" class=\"ngg-gallery-thumbnail-box ngg-4-columns\" >\n\t\t\t\t        <div class=\"ngg-gallery-thumbnail\">\n            <a href=\"http:\/\/schmuck-werkstatt.com\/wp-content\/gallery\/halsschmuck-schnecke\/schnecke-3-dscn59810001.jpg\"\n               title=\"\"\n               data-src=\"http:\/\/schmuck-werkstatt.com\/wp-content\/gallery\/halsschmuck-schnecke\/schnecke-3-dscn59810001.jpg\"\n               data-thumbnail=\"http:\/\/schmuck-werkstatt.com\/wp-content\/gallery\/halsschmuck-schnecke\/thumbs\/thumbs_schnecke-3-dscn59810001.jpg\"\n               data-image-id=\"422\"\n               data-title=\"SCHNECKE\"\n               data-description=\"\"\n               data-image-slug=\"schnecke\"\n               class=\"shutterset_68e6e7c8c91195fe487c85d081d0332f\">\n                <img\n                    title=\"SCHNECKE\"\n                    alt=\"SCHNECKE\"\n                    src=\"http:\/\/schmuck-werkstatt.com\/wp-content\/gallery\/halsschmuck-schnecke\/thumbs\/thumbs_schnecke-3-dscn59810001.jpg\"\n                    width=\"120\"\n                    height=\"90\"\n                    style=\"max-width:100%;\"\n                \/>\n            <\/a>\n        <\/div>\n\t\t\t\t\t\t\t<\/div> \n\t\t\t\n\t\n\t<br style=\"clear: both\" \/>\n\n\t\n\t\t<!-- Pagination -->\n\t<div class='ngg-clear'><\/div>\t<\/div>\n<strong> &#8222;SCHNECKE&#8220;<\/strong> Collierschlie\u00dfe Gelbgold 585 S\u00fc\u00dfwasser-Kulturperlen ros\u00e9, beh <a href=\"http:\/\/schmuck-werkstatt.com\/index.php\/halsschmuck\" target=\"_self\"><\/a><\/p>\n<p><a href=\"http:\/\/schmuck-werkstatt.com\/index.php\/halsschmuck\" target=\"_self\">zur\u00fcck zu <em>Halsschmuck<\/em><\/a><\/p>\n","protected":false},"excerpt":{"rendered":"<p>&#8222;SCHNECKE&#8220; Collierschlie\u00dfe Gelbgold 585 S\u00fc\u00dfwasser-Kulturperlen ros\u00e9, beh zur\u00fcck zu Halsschmuck<\/p>\n","protected":false},"author":3,"featured_media":0,"parent":190,"menu_order":0,"comment_status":"open","ping_status":"open","template":"","meta":{"ngg_post_thumbnail":0},"_links":{"self":[{"href":"http:\/\/schmuck-werkstatt.com\/index.php\/wp-json\/wp\/v2\/pages\/583"}],"collection":[{"href":"http:\/\/schmuck-werkstatt.com\/index.php\/wp-json\/wp\/v2\/pages"}],"about":[{"href":"http:\/\/schmuck-werkstatt.com\/index.php\/wp-json\/wp\/v2\/types\/page"}],"author":[{"embeddable":true,"href":"http:\/\/schmuck-werkstatt.com\/index.php\/wp-json\/wp\/v2\/users\/3"}],"replies":[{"embeddable":true,"href":"http:\/\/schmuck-werkstatt.com\/index.php\/wp-json\/wp\/v2\/comments?post=583"}],"version-history":[{"count":1,"href":"http:\/\/schmuck-werkstatt.com\/index.php\/wp-json\/wp\/v2\/pages\/583\/revisions"}],"predecessor-version":[{"id":1417,"href":"http:\/\/schmuck-werkstatt.com\/index.php\/wp-json\/wp\/v2\/pages\/583\/revisions\/1417"}],"up":[{"embeddable":true,"href":"http:\/\/schmuck-werkstatt.com\/index.php\/wp-json\/wp\/v2\/pages\/190"}],"wp:attachment":[{"href":"http:\/\/schmuck-werkstatt.com\/index.php\/wp-json\/wp\/v2\/media?parent=583"}],"curies":[{"name":"wp","href":"https:\/\/api.w.org\/{rel}","templated":true}]}}