{"id":607,"date":"2010-11-27T14:06:16","date_gmt":"2010-11-27T14:06:16","guid":{"rendered":"http:\/\/www.elvirafleischanderl.at\/index.php\/"},"modified":"2011-08-01T15:30:59","modified_gmt":"2011-08-01T13:30:59","slug":"steinreiches-osterreich-rondo","status":"publish","type":"page","link":"http:\/\/schmuck-werkstatt.com\/index.php\/steinreiches-osterreich\/steinreiches-osterreich-rondo\/","title":{"rendered":"Steinreiches \u00d6sterreich: Rondo"},"content":{"rendered":"<p><!-- default-view.php -->\n<div\n\tclass=\"ngg-galleryoverview default-view  ngg-ajax-pagination-none\"\n\tid=\"ngg-gallery-a9a6208ca4a0404441cb6c1348a78a6b-1\">\n\n\t\t<!-- Thumbnails -->\n\t\t\t\t<div id=\"ngg-image-0\" class=\"ngg-gallery-thumbnail-box ngg-4-columns\" >\n\t\t\t\t        <div class=\"ngg-gallery-thumbnail\">\n            <a href=\"http:\/\/schmuck-werkstatt.com\/wp-content\/gallery\/steinreiches-osterreich-rondo\/rondo-1_0.jpg\"\n               title=\"\"\n               data-src=\"http:\/\/schmuck-werkstatt.com\/wp-content\/gallery\/steinreiches-osterreich-rondo\/rondo-1_0.jpg\"\n               data-thumbnail=\"http:\/\/schmuck-werkstatt.com\/wp-content\/gallery\/steinreiches-osterreich-rondo\/thumbs\/thumbs_rondo-1_0.jpg\"\n               data-image-id=\"546\"\n               data-title=\"RONDO\"\n               data-description=\"\"\n               data-image-slug=\"rondo\"\n               class=\"shutterset_a9a6208ca4a0404441cb6c1348a78a6b\">\n                <img\n                    title=\"RONDO\"\n                    alt=\"RONDO\"\n                    src=\"http:\/\/schmuck-werkstatt.com\/wp-content\/gallery\/steinreiches-osterreich-rondo\/thumbs\/thumbs_rondo-1_0.jpg\"\n                    width=\"120\"\n                    height=\"90\"\n                    style=\"max-width:100%;\"\n                \/>\n            <\/a>\n        <\/div>\n\t\t\t\t\t\t\t<\/div> \n\t\t\t\n\t\t\t\t<div id=\"ngg-image-1\" class=\"ngg-gallery-thumbnail-box ngg-4-columns\" >\n\t\t\t\t        <div class=\"ngg-gallery-thumbnail\">\n            <a href=\"http:\/\/schmuck-werkstatt.com\/wp-content\/gallery\/steinreiches-osterreich-rondo\/rondo-ost-amethyst-aus-maissau-waldviertel-silber-925-rhodiniert_0.jpg\"\n               title=\"\"\n               data-src=\"http:\/\/schmuck-werkstatt.com\/wp-content\/gallery\/steinreiches-osterreich-rondo\/rondo-ost-amethyst-aus-maissau-waldviertel-silber-925-rhodiniert_0.jpg\"\n               data-thumbnail=\"http:\/\/schmuck-werkstatt.com\/wp-content\/gallery\/steinreiches-osterreich-rondo\/thumbs\/thumbs_rondo-ost-amethyst-aus-maissau-waldviertel-silber-925-rhodiniert_0.jpg\"\n               data-image-id=\"547\"\n               data-title=\"RONDO\"\n               data-description=\"\"\n               data-image-slug=\"rondo\"\n               class=\"shutterset_a9a6208ca4a0404441cb6c1348a78a6b\">\n                <img\n                    title=\"RONDO\"\n                    alt=\"RONDO\"\n                    src=\"http:\/\/schmuck-werkstatt.com\/wp-content\/gallery\/steinreiches-osterreich-rondo\/thumbs\/thumbs_rondo-ost-amethyst-aus-maissau-waldviertel-silber-925-rhodiniert_0.jpg\"\n                    width=\"120\"\n                    height=\"90\"\n                    style=\"max-width:100%;\"\n                \/>\n            <\/a>\n        <\/div>\n\t\t\t\t\t\t\t<\/div> \n\t\t\t\n\t\t\t\t<div id=\"ngg-image-2\" class=\"ngg-gallery-thumbnail-box ngg-4-columns\" >\n\t\t\t\t        <div class=\"ngg-gallery-thumbnail\">\n            <a href=\"http:\/\/schmuck-werkstatt.com\/wp-content\/gallery\/steinreiches-osterreich-rondo\/rondo-ring-amethyst-aus-maissau-waldviertel-silber-925-rhodiniert_0.jpg\"\n               title=\"\"\n               data-src=\"http:\/\/schmuck-werkstatt.com\/wp-content\/gallery\/steinreiches-osterreich-rondo\/rondo-ring-amethyst-aus-maissau-waldviertel-silber-925-rhodiniert_0.jpg\"\n               data-thumbnail=\"http:\/\/schmuck-werkstatt.com\/wp-content\/gallery\/steinreiches-osterreich-rondo\/thumbs\/thumbs_rondo-ring-amethyst-aus-maissau-waldviertel-silber-925-rhodiniert_0.jpg\"\n               data-image-id=\"548\"\n               data-title=\"RONDO\"\n               data-description=\"\"\n               data-image-slug=\"rondo\"\n               class=\"shutterset_a9a6208ca4a0404441cb6c1348a78a6b\">\n                <img\n                    title=\"RONDO\"\n                    alt=\"RONDO\"\n                    src=\"http:\/\/schmuck-werkstatt.com\/wp-content\/gallery\/steinreiches-osterreich-rondo\/thumbs\/thumbs_rondo-ring-amethyst-aus-maissau-waldviertel-silber-925-rhodiniert_0.jpg\"\n                    width=\"120\"\n                    height=\"90\"\n                    style=\"max-width:100%;\"\n                \/>\n            <\/a>\n        <\/div>\n\t\t\t\t\t\t\t<\/div> \n\t\t\t\n\t\n\t<br style=\"clear: both\" \/>\n\n\t\n\t\t<!-- Pagination -->\n\t<div class='ngg-clear'><\/div>\t<\/div>\n<strong> &#8222;SET RONDO&#8220;<\/strong> Anh\u00e4nger, Ohrstecker, Ring Amethyst aus Maissau (Waldviertel) Silber 925 rhodiniert <a href=\"http:\/\/schmuck-werkstatt.com\/index.php\/steinreiches-osterreich\"><\/a><\/p>\n<p><a href=\"http:\/\/schmuck-werkstatt.com\/index.php\/steinreiches-osterreich\">zur\u00fcck zu <em>&#8222;steinreiches \u00d6sterreich&#8220;<\/em><\/a><\/p>\n","protected":false},"excerpt":{"rendered":"<p>&#8222;SET RONDO&#8220; Anh\u00e4nger, Ohrstecker, Ring Amethyst aus Maissau (Waldviertel) Silber 925 rhodiniert zur\u00fcck zu &#8222;steinreiches \u00d6sterreich&#8220;<\/p>\n","protected":false},"author":3,"featured_media":0,"parent":196,"menu_order":0,"comment_status":"open","ping_status":"open","template":"","meta":{"ngg_post_thumbnail":0},"_links":{"self":[{"href":"http:\/\/schmuck-werkstatt.com\/index.php\/wp-json\/wp\/v2\/pages\/607"}],"collection":[{"href":"http:\/\/schmuck-werkstatt.com\/index.php\/wp-json\/wp\/v2\/pages"}],"about":[{"href":"http:\/\/schmuck-werkstatt.com\/index.php\/wp-json\/wp\/v2\/types\/page"}],"author":[{"embeddable":true,"href":"http:\/\/schmuck-werkstatt.com\/index.php\/wp-json\/wp\/v2\/users\/3"}],"replies":[{"embeddable":true,"href":"http:\/\/schmuck-werkstatt.com\/index.php\/wp-json\/wp\/v2\/comments?post=607"}],"version-history":[{"count":1,"href":"http:\/\/schmuck-werkstatt.com\/index.php\/wp-json\/wp\/v2\/pages\/607\/revisions"}],"predecessor-version":[{"id":1389,"href":"http:\/\/schmuck-werkstatt.com\/index.php\/wp-json\/wp\/v2\/pages\/607\/revisions\/1389"}],"up":[{"embeddable":true,"href":"http:\/\/schmuck-werkstatt.com\/index.php\/wp-json\/wp\/v2\/pages\/196"}],"wp:attachment":[{"href":"http:\/\/schmuck-werkstatt.com\/index.php\/wp-json\/wp\/v2\/media?parent=607"}],"curies":[{"name":"wp","href":"https:\/\/api.w.org\/{rel}","templated":true}]}}