{"id":618,"date":"2010-11-27T14:26:41","date_gmt":"2010-11-27T14:26:41","guid":{"rendered":"http:\/\/www.elvirafleischanderl.at\/index.php\/"},"modified":"2011-08-01T15:31:24","modified_gmt":"2011-08-01T13:31:24","slug":"steinreiches-osterreich-skyline-night","status":"publish","type":"page","link":"http:\/\/schmuck-werkstatt.com\/index.php\/steinreiches-osterreich\/steinreiches-osterreich-skyline-night\/","title":{"rendered":"Steinreiches \u00d6sterreich: Skyline-Night"},"content":{"rendered":"<p><!-- default-view.php -->\n<div\n\tclass=\"ngg-galleryoverview default-view  ngg-ajax-pagination-none\"\n\tid=\"ngg-gallery-62a2e75580f4197f772f9734ae96a2cb-1\">\n\n\t\t<!-- Thumbnails -->\n\t\t\t\t<div id=\"ngg-image-0\" class=\"ngg-gallery-thumbnail-box ngg-4-columns\" >\n\t\t\t\t        <div class=\"ngg-gallery-thumbnail\">\n            <a href=\"http:\/\/schmuck-werkstatt.com\/wp-content\/gallery\/steinreiches-osterreich-skyline-night\/skyline-night-1-dscn4397_0.jpg\"\n               title=\"\"\n               data-src=\"http:\/\/schmuck-werkstatt.com\/wp-content\/gallery\/steinreiches-osterreich-skyline-night\/skyline-night-1-dscn4397_0.jpg\"\n               data-thumbnail=\"http:\/\/schmuck-werkstatt.com\/wp-content\/gallery\/steinreiches-osterreich-skyline-night\/thumbs\/thumbs_skyline-night-1-dscn4397_0.jpg\"\n               data-image-id=\"549\"\n               data-title=\"SKYLINGE NIGHT\"\n               data-description=\"\"\n               data-image-slug=\"skylinge-night\"\n               class=\"shutterset_62a2e75580f4197f772f9734ae96a2cb\">\n                <img\n                    title=\"SKYLINGE NIGHT\"\n                    alt=\"SKYLINGE NIGHT\"\n                    src=\"http:\/\/schmuck-werkstatt.com\/wp-content\/gallery\/steinreiches-osterreich-skyline-night\/thumbs\/thumbs_skyline-night-1-dscn4397_0.jpg\"\n                    width=\"120\"\n                    height=\"90\"\n                    style=\"max-width:100%;\"\n                \/>\n            <\/a>\n        <\/div>\n\t\t\t\t\t\t\t<\/div> \n\t\t\t\n\t\t\t\t<div id=\"ngg-image-1\" class=\"ngg-gallery-thumbnail-box ngg-4-columns\" >\n\t\t\t\t        <div class=\"ngg-gallery-thumbnail\">\n            <a href=\"http:\/\/schmuck-werkstatt.com\/wp-content\/gallery\/steinreiches-osterreich-skyline-night\/skyline-night-ohrschmuck-scharl-schwarzer-turmalin-aus-dem-waldviertel-silber-925-dscn4386.jpg\"\n               title=\"\"\n               data-src=\"http:\/\/schmuck-werkstatt.com\/wp-content\/gallery\/steinreiches-osterreich-skyline-night\/skyline-night-ohrschmuck-scharl-schwarzer-turmalin-aus-dem-waldviertel-silber-925-dscn4386.jpg\"\n               data-thumbnail=\"http:\/\/schmuck-werkstatt.com\/wp-content\/gallery\/steinreiches-osterreich-skyline-night\/thumbs\/thumbs_skyline-night-ohrschmuck-scharl-schwarzer-turmalin-aus-dem-waldviertel-silber-925-dscn4386.jpg\"\n               data-image-id=\"550\"\n               data-title=\"SKYLINGE NIGHT\"\n               data-description=\"\"\n               data-image-slug=\"skylinge-night\"\n               class=\"shutterset_62a2e75580f4197f772f9734ae96a2cb\">\n                <img\n                    title=\"SKYLINGE NIGHT\"\n                    alt=\"SKYLINGE NIGHT\"\n                    src=\"http:\/\/schmuck-werkstatt.com\/wp-content\/gallery\/steinreiches-osterreich-skyline-night\/thumbs\/thumbs_skyline-night-ohrschmuck-scharl-schwarzer-turmalin-aus-dem-waldviertel-silber-925-dscn4386.jpg\"\n                    width=\"120\"\n                    height=\"90\"\n                    style=\"max-width:100%;\"\n                \/>\n            <\/a>\n        <\/div>\n\t\t\t\t\t\t\t<\/div> \n\t\t\t\n\t\t\t\t<div id=\"ngg-image-2\" class=\"ngg-gallery-thumbnail-box ngg-4-columns\" >\n\t\t\t\t        <div class=\"ngg-gallery-thumbnail\">\n            <a href=\"http:\/\/schmuck-werkstatt.com\/wp-content\/gallery\/steinreiches-osterreich-skyline-night\/skyline-night-ring-scharl-schwarzer-turmalin-aus-dem-waldviertel-silber-925-dscn4379_0.jpg\"\n               title=\"\"\n               data-src=\"http:\/\/schmuck-werkstatt.com\/wp-content\/gallery\/steinreiches-osterreich-skyline-night\/skyline-night-ring-scharl-schwarzer-turmalin-aus-dem-waldviertel-silber-925-dscn4379_0.jpg\"\n               data-thumbnail=\"http:\/\/schmuck-werkstatt.com\/wp-content\/gallery\/steinreiches-osterreich-skyline-night\/thumbs\/thumbs_skyline-night-ring-scharl-schwarzer-turmalin-aus-dem-waldviertel-silber-925-dscn4379_0.jpg\"\n               data-image-id=\"551\"\n               data-title=\"SKYLINGE NIGHT\"\n               data-description=\"\"\n               data-image-slug=\"skylinge-night\"\n               class=\"shutterset_62a2e75580f4197f772f9734ae96a2cb\">\n                <img\n                    title=\"SKYLINGE NIGHT\"\n                    alt=\"SKYLINGE NIGHT\"\n                    src=\"http:\/\/schmuck-werkstatt.com\/wp-content\/gallery\/steinreiches-osterreich-skyline-night\/thumbs\/thumbs_skyline-night-ring-scharl-schwarzer-turmalin-aus-dem-waldviertel-silber-925-dscn4379_0.jpg\"\n                    width=\"120\"\n                    height=\"90\"\n                    style=\"max-width:100%;\"\n                \/>\n            <\/a>\n        <\/div>\n\t\t\t\t\t\t\t<\/div> \n\t\t\t\n\t\n\t<br style=\"clear: both\" \/>\n\n\t\n\t\t<!-- Pagination -->\n\t<div class='ngg-clear'><\/div>\t<\/div>\n<strong> &#8222;SET SKYLINE-NIGHT&#8220;<\/strong> Anh\u00e4nger, Ohrschmuck, Ring Sch\u00f6rl (schwarzer Turmalin aus dem Waldviertel) Silber 925<\/p>\n<p><a href=\"http:\/\/schmuck-werkstatt.com\/index.php\/steinreiches-osterreich\">zur\u00fcck zu <em>&#8222;steinreiches \u00d6sterreich&#8220;<\/em><\/a><\/p>\n","protected":false},"excerpt":{"rendered":"<p>&#8222;SET SKYLINE-NIGHT&#8220; Anh\u00e4nger, Ohrschmuck, Ring Sch\u00f6rl (schwarzer Turmalin aus dem Waldviertel) Silber 925 zur\u00fcck zu &#8222;steinreiches \u00d6sterreich&#8220;<\/p>\n","protected":false},"author":3,"featured_media":0,"parent":196,"menu_order":0,"comment_status":"open","ping_status":"open","template":"","meta":{"ngg_post_thumbnail":0},"_links":{"self":[{"href":"http:\/\/schmuck-werkstatt.com\/index.php\/wp-json\/wp\/v2\/pages\/618"}],"collection":[{"href":"http:\/\/schmuck-werkstatt.com\/index.php\/wp-json\/wp\/v2\/pages"}],"about":[{"href":"http:\/\/schmuck-werkstatt.com\/index.php\/wp-json\/wp\/v2\/types\/page"}],"author":[{"embeddable":true,"href":"http:\/\/schmuck-werkstatt.com\/index.php\/wp-json\/wp\/v2\/users\/3"}],"replies":[{"embeddable":true,"href":"http:\/\/schmuck-werkstatt.com\/index.php\/wp-json\/wp\/v2\/comments?post=618"}],"version-history":[{"count":1,"href":"http:\/\/schmuck-werkstatt.com\/index.php\/wp-json\/wp\/v2\/pages\/618\/revisions"}],"predecessor-version":[{"id":1390,"href":"http:\/\/schmuck-werkstatt.com\/index.php\/wp-json\/wp\/v2\/pages\/618\/revisions\/1390"}],"up":[{"embeddable":true,"href":"http:\/\/schmuck-werkstatt.com\/index.php\/wp-json\/wp\/v2\/pages\/196"}],"wp:attachment":[{"href":"http:\/\/schmuck-werkstatt.com\/index.php\/wp-json\/wp\/v2\/media?parent=618"}],"curies":[{"name":"wp","href":"https:\/\/api.w.org\/{rel}","templated":true}]}}