{"id":624,"date":"2010-11-27T14:32:00","date_gmt":"2010-11-27T14:32:00","guid":{"rendered":"http:\/\/www.elvirafleischanderl.at\/index.php\/schmucke-wortspiele\/schmucke-wortspiele-gurteltier\/"},"modified":"2011-08-01T15:20:30","modified_gmt":"2011-08-01T13:20:30","slug":"schmucke-wortspiele-gurteltier","status":"publish","type":"page","link":"http:\/\/schmuck-werkstatt.com\/index.php\/schmucke-wortspiele\/schmucke-wortspiele-gurteltier\/","title":{"rendered":"Schmucke Wortspiele: G\u00fcrteltier"},"content":{"rendered":"<p><!-- default-view.php -->\n<div\n\tclass=\"ngg-galleryoverview default-view  ngg-ajax-pagination-none\"\n\tid=\"ngg-gallery-fb4fb8896bb8768ff4a19d61a4a8498c-1\">\n\n\t\t<!-- Thumbnails -->\n\t\t\t\t<div id=\"ngg-image-0\" class=\"ngg-gallery-thumbnail-box ngg-4-columns\" >\n\t\t\t\t        <div class=\"ngg-gallery-thumbnail\">\n            <a href=\"http:\/\/schmuck-werkstatt.com\/wp-content\/gallery\/schmucke-wortspiele-gurteltier\/gaoerteltier-1.jpg\"\n               title=\"\"\n               data-src=\"http:\/\/schmuck-werkstatt.com\/wp-content\/gallery\/schmucke-wortspiele-gurteltier\/gaoerteltier-1.jpg\"\n               data-thumbnail=\"http:\/\/schmuck-werkstatt.com\/wp-content\/gallery\/schmucke-wortspiele-gurteltier\/thumbs\/thumbs_gaoerteltier-1.jpg\"\n               data-image-id=\"572\"\n               data-title=\"G\u00dcRTELTIER\"\n               data-description=\"\"\n               data-image-slug=\"g%c3%bcrteltier\"\n               class=\"shutterset_fb4fb8896bb8768ff4a19d61a4a8498c\">\n                <img\n                    title=\"G\u00dcRTELTIER\"\n                    alt=\"G\u00dcRTELTIER\"\n                    src=\"http:\/\/schmuck-werkstatt.com\/wp-content\/gallery\/schmucke-wortspiele-gurteltier\/thumbs\/thumbs_gaoerteltier-1.jpg\"\n                    width=\"120\"\n                    height=\"90\"\n                    style=\"max-width:100%;\"\n                \/>\n            <\/a>\n        <\/div>\n\t\t\t\t\t\t\t<\/div> \n\t\t\t\n\t\n\t<br style=\"clear: both\" \/>\n\n\t\n\t\t<!-- Pagination -->\n\t<div class='ngg-clear'><\/div>\t<\/div>\n <strong>&#8222;G\u00dcRTELtier&#8220;<\/strong> G\u00fcrtel Silber 925 Acrylglas, Leder<a href=\"http:\/\/schmuck-werkstatt.com\/index.php\/schmucke-wortspiele\" target=\"_self\"> <\/a><\/p>\n<p><a href=\"http:\/\/schmuck-werkstatt.com\/index.php\/schmucke-wortspiele\" target=\"_self\">zur\u00fcck zu<em> &#8222;Handwerk &amp; Mundwerk<\/em>&#8222;<\/a><\/p>\n","protected":false},"excerpt":{"rendered":"<p>&#8222;G\u00dcRTELtier&#8220; G\u00fcrtel Silber 925 Acrylglas, Leder zur\u00fcck zu &#8222;Handwerk &amp; Mundwerk&#8222;<\/p>\n","protected":false},"author":4,"featured_media":0,"parent":194,"menu_order":0,"comment_status":"open","ping_status":"open","template":"","meta":{"ngg_post_thumbnail":0},"_links":{"self":[{"href":"http:\/\/schmuck-werkstatt.com\/index.php\/wp-json\/wp\/v2\/pages\/624"}],"collection":[{"href":"http:\/\/schmuck-werkstatt.com\/index.php\/wp-json\/wp\/v2\/pages"}],"about":[{"href":"http:\/\/schmuck-werkstatt.com\/index.php\/wp-json\/wp\/v2\/types\/page"}],"author":[{"embeddable":true,"href":"http:\/\/schmuck-werkstatt.com\/index.php\/wp-json\/wp\/v2\/users\/4"}],"replies":[{"embeddable":true,"href":"http:\/\/schmuck-werkstatt.com\/index.php\/wp-json\/wp\/v2\/comments?post=624"}],"version-history":[{"count":1,"href":"http:\/\/schmuck-werkstatt.com\/index.php\/wp-json\/wp\/v2\/pages\/624\/revisions"}],"predecessor-version":[{"id":1349,"href":"http:\/\/schmuck-werkstatt.com\/index.php\/wp-json\/wp\/v2\/pages\/624\/revisions\/1349"}],"up":[{"embeddable":true,"href":"http:\/\/schmuck-werkstatt.com\/index.php\/wp-json\/wp\/v2\/pages\/194"}],"wp:attachment":[{"href":"http:\/\/schmuck-werkstatt.com\/index.php\/wp-json\/wp\/v2\/media?parent=624"}],"curies":[{"name":"wp","href":"https:\/\/api.w.org\/{rel}","templated":true}]}}