{"id":637,"date":"2010-11-27T14:53:27","date_gmt":"2010-11-27T14:53:27","guid":{"rendered":"http:\/\/www.elvirafleischanderl.at\/index.php\/"},"modified":"2011-08-01T15:32:14","modified_gmt":"2011-08-01T13:32:14","slug":"steinreiches-osterreich-steirerland","status":"publish","type":"page","link":"http:\/\/schmuck-werkstatt.com\/index.php\/steinreiches-osterreich\/steinreiches-osterreich-steirerland\/","title":{"rendered":"Steinreiches \u00d6sterreich: Steirerland"},"content":{"rendered":"<p><!-- default-view.php -->\n<div\n\tclass=\"ngg-galleryoverview default-view  ngg-ajax-pagination-none\"\n\tid=\"ngg-gallery-b1ac2ee378825198077de224f5d7716f-1\">\n\n\t\t<!-- Thumbnails -->\n\t\t\t\t<div id=\"ngg-image-0\" class=\"ngg-gallery-thumbnail-box ngg-4-columns\" >\n\t\t\t\t        <div class=\"ngg-gallery-thumbnail\">\n            <a href=\"http:\/\/schmuck-werkstatt.com\/wp-content\/gallery\/steinreiches-osterreich-steirerland\/steirerland-1-dscn5968_0.jpg\"\n               title=\"\"\n               data-src=\"http:\/\/schmuck-werkstatt.com\/wp-content\/gallery\/steinreiches-osterreich-steirerland\/steirerland-1-dscn5968_0.jpg\"\n               data-thumbnail=\"http:\/\/schmuck-werkstatt.com\/wp-content\/gallery\/steinreiches-osterreich-steirerland\/thumbs\/thumbs_steirerland-1-dscn5968_0.jpg\"\n               data-image-id=\"554\"\n               data-title=\"STEIRERLAND\"\n               data-description=\"\"\n               data-image-slug=\"steirerland\"\n               class=\"shutterset_b1ac2ee378825198077de224f5d7716f\">\n                <img\n                    title=\"STEIRERLAND\"\n                    alt=\"STEIRERLAND\"\n                    src=\"http:\/\/schmuck-werkstatt.com\/wp-content\/gallery\/steinreiches-osterreich-steirerland\/thumbs\/thumbs_steirerland-1-dscn5968_0.jpg\"\n                    width=\"120\"\n                    height=\"90\"\n                    style=\"max-width:100%;\"\n                \/>\n            <\/a>\n        <\/div>\n\t\t\t\t\t\t\t<\/div> \n\t\t\t\n\t\t\t\t<div id=\"ngg-image-1\" class=\"ngg-gallery-thumbnail-box ngg-4-columns\" >\n\t\t\t\t        <div class=\"ngg-gallery-thumbnail\">\n            <a href=\"http:\/\/schmuck-werkstatt.com\/wp-content\/gallery\/steinreiches-osterreich-steirerland\/steirerlandohrschmuck-lazulith-steiermark-silber-925-dscn5977_0.jpg\"\n               title=\"\"\n               data-src=\"http:\/\/schmuck-werkstatt.com\/wp-content\/gallery\/steinreiches-osterreich-steirerland\/steirerlandohrschmuck-lazulith-steiermark-silber-925-dscn5977_0.jpg\"\n               data-thumbnail=\"http:\/\/schmuck-werkstatt.com\/wp-content\/gallery\/steinreiches-osterreich-steirerland\/thumbs\/thumbs_steirerlandohrschmuck-lazulith-steiermark-silber-925-dscn5977_0.jpg\"\n               data-image-id=\"555\"\n               data-title=\"STEIRERLAND\"\n               data-description=\"\"\n               data-image-slug=\"steirerland\"\n               class=\"shutterset_b1ac2ee378825198077de224f5d7716f\">\n                <img\n                    title=\"STEIRERLAND\"\n                    alt=\"STEIRERLAND\"\n                    src=\"http:\/\/schmuck-werkstatt.com\/wp-content\/gallery\/steinreiches-osterreich-steirerland\/thumbs\/thumbs_steirerlandohrschmuck-lazulith-steiermark-silber-925-dscn5977_0.jpg\"\n                    width=\"120\"\n                    height=\"90\"\n                    style=\"max-width:100%;\"\n                \/>\n            <\/a>\n        <\/div>\n\t\t\t\t\t\t\t<\/div> \n\t\t\t\n\t\n\t<br style=\"clear: both\" \/>\n\n\t\n\t\t<!-- Pagination -->\n\t<div class='ngg-clear'><\/div>\t<\/div>\n<strong> &#8222;SET STEIRERLAND&#8220;<\/strong><strong> <\/strong>Anh\u00e4nger, Ohrschmuck Lazulith aus der Steiermark Silber 925 <a href=\"http:\/\/schmuck-werkstatt.com\/index.php\/steinreiches-osterreich\"><\/a><\/p>\n<p><a href=\"http:\/\/schmuck-werkstatt.com\/index.php\/steinreiches-osterreich\">zur\u00fcck zu <em>&#8222;steinreiches \u00d6sterreich&#8220;<\/em><\/a><\/p>\n","protected":false},"excerpt":{"rendered":"<p>&#8222;SET STEIRERLAND&#8220; Anh\u00e4nger, Ohrschmuck Lazulith aus der Steiermark Silber 925 zur\u00fcck zu &#8222;steinreiches \u00d6sterreich&#8220;<\/p>\n","protected":false},"author":3,"featured_media":0,"parent":196,"menu_order":0,"comment_status":"open","ping_status":"open","template":"","meta":{"ngg_post_thumbnail":0},"_links":{"self":[{"href":"http:\/\/schmuck-werkstatt.com\/index.php\/wp-json\/wp\/v2\/pages\/637"}],"collection":[{"href":"http:\/\/schmuck-werkstatt.com\/index.php\/wp-json\/wp\/v2\/pages"}],"about":[{"href":"http:\/\/schmuck-werkstatt.com\/index.php\/wp-json\/wp\/v2\/types\/page"}],"author":[{"embeddable":true,"href":"http:\/\/schmuck-werkstatt.com\/index.php\/wp-json\/wp\/v2\/users\/3"}],"replies":[{"embeddable":true,"href":"http:\/\/schmuck-werkstatt.com\/index.php\/wp-json\/wp\/v2\/comments?post=637"}],"version-history":[{"count":1,"href":"http:\/\/schmuck-werkstatt.com\/index.php\/wp-json\/wp\/v2\/pages\/637\/revisions"}],"predecessor-version":[{"id":1392,"href":"http:\/\/schmuck-werkstatt.com\/index.php\/wp-json\/wp\/v2\/pages\/637\/revisions\/1392"}],"up":[{"embeddable":true,"href":"http:\/\/schmuck-werkstatt.com\/index.php\/wp-json\/wp\/v2\/pages\/196"}],"wp:attachment":[{"href":"http:\/\/schmuck-werkstatt.com\/index.php\/wp-json\/wp\/v2\/media?parent=637"}],"curies":[{"name":"wp","href":"https:\/\/api.w.org\/{rel}","templated":true}]}}