{"id":640,"date":"2010-11-27T15:03:33","date_gmt":"2010-11-27T15:03:33","guid":{"rendered":"http:\/\/www.elvirafleischanderl.at\/index.php\/"},"modified":"2011-08-01T15:32:37","modified_gmt":"2011-08-01T13:32:37","slug":"steinreiches-osterreich-swing-granit","status":"publish","type":"page","link":"http:\/\/schmuck-werkstatt.com\/index.php\/steinreiches-osterreich\/steinreiches-osterreich-swing-granit\/","title":{"rendered":"Steinreiches \u00d6sterreich: Swing-Granit"},"content":{"rendered":"<p><!-- default-view.php -->\n<div\n\tclass=\"ngg-galleryoverview default-view  ngg-ajax-pagination-none\"\n\tid=\"ngg-gallery-fe7a167bf1f6f359f620b03c4e6de94a-1\">\n\n\t\t<!-- Thumbnails -->\n\t\t\t\t<div id=\"ngg-image-0\" class=\"ngg-gallery-thumbnail-box ngg-4-columns\" >\n\t\t\t\t        <div class=\"ngg-gallery-thumbnail\">\n            <a href=\"http:\/\/schmuck-werkstatt.com\/wp-content\/gallery\/steinreiches-osterreich-swing-granit\/swing-granit-1_0.jpg\"\n               title=\"\"\n               data-src=\"http:\/\/schmuck-werkstatt.com\/wp-content\/gallery\/steinreiches-osterreich-swing-granit\/swing-granit-1_0.jpg\"\n               data-thumbnail=\"http:\/\/schmuck-werkstatt.com\/wp-content\/gallery\/steinreiches-osterreich-swing-granit\/thumbs\/thumbs_swing-granit-1_0.jpg\"\n               data-image-id=\"556\"\n               data-title=\"SWING-GRANIT\"\n               data-description=\"\"\n               data-image-slug=\"swing-granit\"\n               class=\"shutterset_fe7a167bf1f6f359f620b03c4e6de94a\">\n                <img\n                    title=\"SWING-GRANIT\"\n                    alt=\"SWING-GRANIT\"\n                    src=\"http:\/\/schmuck-werkstatt.com\/wp-content\/gallery\/steinreiches-osterreich-swing-granit\/thumbs\/thumbs_swing-granit-1_0.jpg\"\n                    width=\"120\"\n                    height=\"90\"\n                    style=\"max-width:100%;\"\n                \/>\n            <\/a>\n        <\/div>\n\t\t\t\t\t\t\t<\/div> \n\t\t\t\n\t\t\t\t<div id=\"ngg-image-1\" class=\"ngg-gallery-thumbnail-box ngg-4-columns\" >\n\t\t\t\t        <div class=\"ngg-gallery-thumbnail\">\n            <a href=\"http:\/\/schmuck-werkstatt.com\/wp-content\/gallery\/steinreiches-osterreich-swing-granit\/swing-granit-ohrschmuck-granit-waldviertel-dscn4394_0.jpg\"\n               title=\"\"\n               data-src=\"http:\/\/schmuck-werkstatt.com\/wp-content\/gallery\/steinreiches-osterreich-swing-granit\/swing-granit-ohrschmuck-granit-waldviertel-dscn4394_0.jpg\"\n               data-thumbnail=\"http:\/\/schmuck-werkstatt.com\/wp-content\/gallery\/steinreiches-osterreich-swing-granit\/thumbs\/thumbs_swing-granit-ohrschmuck-granit-waldviertel-dscn4394_0.jpg\"\n               data-image-id=\"557\"\n               data-title=\"SWING-GRANIT\"\n               data-description=\"\"\n               data-image-slug=\"swing-granit\"\n               class=\"shutterset_fe7a167bf1f6f359f620b03c4e6de94a\">\n                <img\n                    title=\"SWING-GRANIT\"\n                    alt=\"SWING-GRANIT\"\n                    src=\"http:\/\/schmuck-werkstatt.com\/wp-content\/gallery\/steinreiches-osterreich-swing-granit\/thumbs\/thumbs_swing-granit-ohrschmuck-granit-waldviertel-dscn4394_0.jpg\"\n                    width=\"120\"\n                    height=\"90\"\n                    style=\"max-width:100%;\"\n                \/>\n            <\/a>\n        <\/div>\n\t\t\t\t\t\t\t<\/div> \n\t\t\t\n\t\t\t\t<div id=\"ngg-image-2\" class=\"ngg-gallery-thumbnail-box ngg-4-columns\" >\n\t\t\t\t        <div class=\"ngg-gallery-thumbnail\">\n            <a href=\"http:\/\/schmuck-werkstatt.com\/wp-content\/gallery\/steinreiches-osterreich-swing-granit\/swing-granit-ring-granit-waldviertel-silber-925-dscn4363_0.jpg\"\n               title=\"\"\n               data-src=\"http:\/\/schmuck-werkstatt.com\/wp-content\/gallery\/steinreiches-osterreich-swing-granit\/swing-granit-ring-granit-waldviertel-silber-925-dscn4363_0.jpg\"\n               data-thumbnail=\"http:\/\/schmuck-werkstatt.com\/wp-content\/gallery\/steinreiches-osterreich-swing-granit\/thumbs\/thumbs_swing-granit-ring-granit-waldviertel-silber-925-dscn4363_0.jpg\"\n               data-image-id=\"558\"\n               data-title=\"SWING-GRANIT\"\n               data-description=\"\"\n               data-image-slug=\"swing-granit\"\n               class=\"shutterset_fe7a167bf1f6f359f620b03c4e6de94a\">\n                <img\n                    title=\"SWING-GRANIT\"\n                    alt=\"SWING-GRANIT\"\n                    src=\"http:\/\/schmuck-werkstatt.com\/wp-content\/gallery\/steinreiches-osterreich-swing-granit\/thumbs\/thumbs_swing-granit-ring-granit-waldviertel-silber-925-dscn4363_0.jpg\"\n                    width=\"120\"\n                    height=\"90\"\n                    style=\"max-width:100%;\"\n                \/>\n            <\/a>\n        <\/div>\n\t\t\t\t\t\t\t<\/div> \n\t\t\t\n\t\n\t<br style=\"clear: both\" \/>\n\n\t\n\t\t<!-- Pagination -->\n\t<div class='ngg-clear'><\/div>\t<\/div>\n<strong> &#8222;SET SWING-GRANIT&#8220;<\/strong> Anh\u00e4nger, Ohrschmuck, Ring Granit aus dem Waldviertel Silber 925 rhodiniert <a href=\"http:\/\/schmuck-werkstatt.com\/index.php\/steinreiches-osterreich\"><\/a><\/p>\n<p><a href=\"http:\/\/schmuck-werkstatt.com\/index.php\/steinreiches-osterreich\">zur\u00fcck zu <em>&#8222;steinreiches \u00d6sterreich&#8220;<\/em><\/a><\/p>\n","protected":false},"excerpt":{"rendered":"<p>&#8222;SET SWING-GRANIT&#8220; Anh\u00e4nger, Ohrschmuck, Ring Granit aus dem Waldviertel Silber 925 rhodiniert zur\u00fcck zu &#8222;steinreiches \u00d6sterreich&#8220;<\/p>\n","protected":false},"author":3,"featured_media":0,"parent":196,"menu_order":0,"comment_status":"open","ping_status":"open","template":"","meta":{"ngg_post_thumbnail":0},"_links":{"self":[{"href":"http:\/\/schmuck-werkstatt.com\/index.php\/wp-json\/wp\/v2\/pages\/640"}],"collection":[{"href":"http:\/\/schmuck-werkstatt.com\/index.php\/wp-json\/wp\/v2\/pages"}],"about":[{"href":"http:\/\/schmuck-werkstatt.com\/index.php\/wp-json\/wp\/v2\/types\/page"}],"author":[{"embeddable":true,"href":"http:\/\/schmuck-werkstatt.com\/index.php\/wp-json\/wp\/v2\/users\/3"}],"replies":[{"embeddable":true,"href":"http:\/\/schmuck-werkstatt.com\/index.php\/wp-json\/wp\/v2\/comments?post=640"}],"version-history":[{"count":2,"href":"http:\/\/schmuck-werkstatt.com\/index.php\/wp-json\/wp\/v2\/pages\/640\/revisions"}],"predecessor-version":[{"id":1393,"href":"http:\/\/schmuck-werkstatt.com\/index.php\/wp-json\/wp\/v2\/pages\/640\/revisions\/1393"}],"up":[{"embeddable":true,"href":"http:\/\/schmuck-werkstatt.com\/index.php\/wp-json\/wp\/v2\/pages\/196"}],"wp:attachment":[{"href":"http:\/\/schmuck-werkstatt.com\/index.php\/wp-json\/wp\/v2\/media?parent=640"}],"curies":[{"name":"wp","href":"https:\/\/api.w.org\/{rel}","templated":true}]}}