{"id":644,"date":"2010-11-27T15:13:50","date_gmt":"2010-11-27T15:13:50","guid":{"rendered":"http:\/\/www.elvirafleischanderl.at\/index.php\/"},"modified":"2011-08-01T15:32:59","modified_gmt":"2011-08-01T13:32:59","slug":"steinreiches-osterreich-swing-lazulith","status":"publish","type":"page","link":"http:\/\/schmuck-werkstatt.com\/index.php\/steinreiches-osterreich\/steinreiches-osterreich-swing-lazulith\/","title":{"rendered":"Steinreiches \u00d6sterreich: Swing-Lazulith"},"content":{"rendered":"<p><!-- default-view.php -->\n<div\n\tclass=\"ngg-galleryoverview default-view  ngg-ajax-pagination-none\"\n\tid=\"ngg-gallery-82a145b935650ab24737753ba2527ee4-1\">\n\n\t\t<!-- Thumbnails -->\n\t\t\t\t<div id=\"ngg-image-0\" class=\"ngg-gallery-thumbnail-box ngg-4-columns\" >\n\t\t\t\t        <div class=\"ngg-gallery-thumbnail\">\n            <a href=\"http:\/\/schmuck-werkstatt.com\/wp-content\/gallery\/steinreiches-osterreich-swing-lazulith\/swing-lazulith-2-dscn45950001.jpg\"\n               title=\"\"\n               data-src=\"http:\/\/schmuck-werkstatt.com\/wp-content\/gallery\/steinreiches-osterreich-swing-lazulith\/swing-lazulith-2-dscn45950001.jpg\"\n               data-thumbnail=\"http:\/\/schmuck-werkstatt.com\/wp-content\/gallery\/steinreiches-osterreich-swing-lazulith\/thumbs\/thumbs_swing-lazulith-2-dscn45950001.jpg\"\n               data-image-id=\"559\"\n               data-title=\"SWING LAZULITH\"\n               data-description=\"\"\n               data-image-slug=\"swing-lazulith\"\n               class=\"shutterset_82a145b935650ab24737753ba2527ee4\">\n                <img\n                    title=\"SWING LAZULITH\"\n                    alt=\"SWING LAZULITH\"\n                    src=\"http:\/\/schmuck-werkstatt.com\/wp-content\/gallery\/steinreiches-osterreich-swing-lazulith\/thumbs\/thumbs_swing-lazulith-2-dscn45950001.jpg\"\n                    width=\"120\"\n                    height=\"90\"\n                    style=\"max-width:100%;\"\n                \/>\n            <\/a>\n        <\/div>\n\t\t\t\t\t\t\t<\/div> \n\t\t\t\n\t\n\t<br style=\"clear: both\" \/>\n\n\t\n\t\t<!-- Pagination -->\n\t<div class='ngg-clear'><\/div>\t<\/div>\n<strong> &#8222;SWING-LAZULITH&#8220;<\/strong> Anh\u00e4nger Lazulith aus der Steiermark Silber 925 <a href=\"http:\/\/schmuck-werkstatt.com\/index.php\/steinreiches-osterreich\"><\/a><\/p>\n<p><a href=\"http:\/\/schmuck-werkstatt.com\/index.php\/steinreiches-osterreich\">zur\u00fcck zu<em> &#8222;steinreiches \u00d6sterreich&#8220;<\/em><\/a><\/p>\n","protected":false},"excerpt":{"rendered":"<p>&#8222;SWING-LAZULITH&#8220; Anh\u00e4nger Lazulith aus der Steiermark Silber 925 zur\u00fcck zu &#8222;steinreiches \u00d6sterreich&#8220;<\/p>\n","protected":false},"author":3,"featured_media":0,"parent":196,"menu_order":0,"comment_status":"open","ping_status":"open","template":"","meta":{"ngg_post_thumbnail":0},"_links":{"self":[{"href":"http:\/\/schmuck-werkstatt.com\/index.php\/wp-json\/wp\/v2\/pages\/644"}],"collection":[{"href":"http:\/\/schmuck-werkstatt.com\/index.php\/wp-json\/wp\/v2\/pages"}],"about":[{"href":"http:\/\/schmuck-werkstatt.com\/index.php\/wp-json\/wp\/v2\/types\/page"}],"author":[{"embeddable":true,"href":"http:\/\/schmuck-werkstatt.com\/index.php\/wp-json\/wp\/v2\/users\/3"}],"replies":[{"embeddable":true,"href":"http:\/\/schmuck-werkstatt.com\/index.php\/wp-json\/wp\/v2\/comments?post=644"}],"version-history":[{"count":1,"href":"http:\/\/schmuck-werkstatt.com\/index.php\/wp-json\/wp\/v2\/pages\/644\/revisions"}],"predecessor-version":[{"id":1395,"href":"http:\/\/schmuck-werkstatt.com\/index.php\/wp-json\/wp\/v2\/pages\/644\/revisions\/1395"}],"up":[{"embeddable":true,"href":"http:\/\/schmuck-werkstatt.com\/index.php\/wp-json\/wp\/v2\/pages\/196"}],"wp:attachment":[{"href":"http:\/\/schmuck-werkstatt.com\/index.php\/wp-json\/wp\/v2\/media?parent=644"}],"curies":[{"name":"wp","href":"https:\/\/api.w.org\/{rel}","templated":true}]}}