{"id":647,"date":"2010-11-27T15:22:11","date_gmt":"2010-11-27T15:22:11","guid":{"rendered":"http:\/\/www.elvirafleischanderl.at\/index.php\/"},"modified":"2011-08-01T15:34:14","modified_gmt":"2011-08-01T13:34:14","slug":"steinreiches-osterreich-tears-of-stone","status":"publish","type":"page","link":"http:\/\/schmuck-werkstatt.com\/index.php\/steinreiches-osterreich\/steinreiches-osterreich-tears-of-stone\/","title":{"rendered":"Steinreiches \u00d6sterreich: Tears of stone"},"content":{"rendered":"<p><!-- default-view.php -->\n<div\n\tclass=\"ngg-galleryoverview default-view  ngg-ajax-pagination-none\"\n\tid=\"ngg-gallery-3416233b8e294d9767fc662bfc8d1141-1\">\n\n\t\t<!-- Thumbnails -->\n\t\t\t\t<div id=\"ngg-image-0\" class=\"ngg-gallery-thumbnail-box ngg-4-columns\" >\n\t\t\t\t        <div class=\"ngg-gallery-thumbnail\">\n            <a href=\"http:\/\/schmuck-werkstatt.com\/wp-content\/gallery\/steinreiches-osterreich-tears-of-stone\/tears-of-stone-anhanger-1_0.jpg\"\n               title=\"\"\n               data-src=\"http:\/\/schmuck-werkstatt.com\/wp-content\/gallery\/steinreiches-osterreich-tears-of-stone\/tears-of-stone-anhanger-1_0.jpg\"\n               data-thumbnail=\"http:\/\/schmuck-werkstatt.com\/wp-content\/gallery\/steinreiches-osterreich-tears-of-stone\/thumbs\/thumbs_tears-of-stone-anhanger-1_0.jpg\"\n               data-image-id=\"560\"\n               data-title=\"TEARS OF STONE\"\n               data-description=\"\"\n               data-image-slug=\"tears-of-stone\"\n               class=\"shutterset_3416233b8e294d9767fc662bfc8d1141\">\n                <img\n                    title=\"TEARS OF STONE\"\n                    alt=\"TEARS OF STONE\"\n                    src=\"http:\/\/schmuck-werkstatt.com\/wp-content\/gallery\/steinreiches-osterreich-tears-of-stone\/thumbs\/thumbs_tears-of-stone-anhanger-1_0.jpg\"\n                    width=\"120\"\n                    height=\"90\"\n                    style=\"max-width:100%;\"\n                \/>\n            <\/a>\n        <\/div>\n\t\t\t\t\t\t\t<\/div> \n\t\t\t\n\t\t\t\t<div id=\"ngg-image-1\" class=\"ngg-gallery-thumbnail-box ngg-4-columns\" >\n\t\t\t\t        <div class=\"ngg-gallery-thumbnail\">\n            <a href=\"http:\/\/schmuck-werkstatt.com\/wp-content\/gallery\/steinreiches-osterreich-tears-of-stone\/tears-of-stone-ring-aventurinquarz-rot-waldviertel-dscn4371_0.jpg\"\n               title=\"\"\n               data-src=\"http:\/\/schmuck-werkstatt.com\/wp-content\/gallery\/steinreiches-osterreich-tears-of-stone\/tears-of-stone-ring-aventurinquarz-rot-waldviertel-dscn4371_0.jpg\"\n               data-thumbnail=\"http:\/\/schmuck-werkstatt.com\/wp-content\/gallery\/steinreiches-osterreich-tears-of-stone\/thumbs\/thumbs_tears-of-stone-ring-aventurinquarz-rot-waldviertel-dscn4371_0.jpg\"\n               data-image-id=\"561\"\n               data-title=\"TEARS OF STONE\"\n               data-description=\"\"\n               data-image-slug=\"tears-of-stone\"\n               class=\"shutterset_3416233b8e294d9767fc662bfc8d1141\">\n                <img\n                    title=\"TEARS OF STONE\"\n                    alt=\"TEARS OF STONE\"\n                    src=\"http:\/\/schmuck-werkstatt.com\/wp-content\/gallery\/steinreiches-osterreich-tears-of-stone\/thumbs\/thumbs_tears-of-stone-ring-aventurinquarz-rot-waldviertel-dscn4371_0.jpg\"\n                    width=\"120\"\n                    height=\"90\"\n                    style=\"max-width:100%;\"\n                \/>\n            <\/a>\n        <\/div>\n\t\t\t\t\t\t\t<\/div> \n\t\t\t\n\t\n\t<br style=\"clear: both\" \/>\n\n\t\n\t\t<!-- Pagination -->\n\t<div class='ngg-clear'><\/div>\t<\/div>\n<strong> &#8222;SET TEARS OF STONE&#8220;<\/strong> Anh\u00e4nger, Ring roter Aventurinquarz aus Tiefenbach (Waldviertel) Silber 925<\/p>\n<p><a href=\"http:\/\/schmuck-werkstatt.com\/index.php\/steinreiches-osterreich\">zur\u00fcck zu <em>&#8222;steinreiches \u00d6sterreich&#8220;<\/em><\/a><\/p>\n","protected":false},"excerpt":{"rendered":"<p>&#8222;SET TEARS OF STONE&#8220; Anh\u00e4nger, Ring roter Aventurinquarz aus Tiefenbach (Waldviertel) Silber 925 zur\u00fcck zu &#8222;steinreiches \u00d6sterreich&#8220;<\/p>\n","protected":false},"author":3,"featured_media":0,"parent":196,"menu_order":0,"comment_status":"open","ping_status":"open","template":"","meta":{"ngg_post_thumbnail":0},"_links":{"self":[{"href":"http:\/\/schmuck-werkstatt.com\/index.php\/wp-json\/wp\/v2\/pages\/647"}],"collection":[{"href":"http:\/\/schmuck-werkstatt.com\/index.php\/wp-json\/wp\/v2\/pages"}],"about":[{"href":"http:\/\/schmuck-werkstatt.com\/index.php\/wp-json\/wp\/v2\/types\/page"}],"author":[{"embeddable":true,"href":"http:\/\/schmuck-werkstatt.com\/index.php\/wp-json\/wp\/v2\/users\/3"}],"replies":[{"embeddable":true,"href":"http:\/\/schmuck-werkstatt.com\/index.php\/wp-json\/wp\/v2\/comments?post=647"}],"version-history":[{"count":2,"href":"http:\/\/schmuck-werkstatt.com\/index.php\/wp-json\/wp\/v2\/pages\/647\/revisions"}],"predecessor-version":[{"id":1396,"href":"http:\/\/schmuck-werkstatt.com\/index.php\/wp-json\/wp\/v2\/pages\/647\/revisions\/1396"}],"up":[{"embeddable":true,"href":"http:\/\/schmuck-werkstatt.com\/index.php\/wp-json\/wp\/v2\/pages\/196"}],"wp:attachment":[{"href":"http:\/\/schmuck-werkstatt.com\/index.php\/wp-json\/wp\/v2\/media?parent=647"}],"curies":[{"name":"wp","href":"https:\/\/api.w.org\/{rel}","templated":true}]}}