{"id":652,"date":"2010-11-27T15:33:10","date_gmt":"2010-11-27T15:33:10","guid":{"rendered":"http:\/\/www.elvirafleischanderl.at\/index.php\/"},"modified":"2011-08-01T15:34:37","modified_gmt":"2011-08-01T13:34:37","slug":"steinreiches-osterreich-tears-of-stone-tri","status":"publish","type":"page","link":"http:\/\/schmuck-werkstatt.com\/index.php\/steinreiches-osterreich\/steinreiches-osterreich-tears-of-stone-tri\/","title":{"rendered":"Steinreiches \u00d6sterreich: Tears of stone Tri"},"content":{"rendered":"<p><!-- default-view.php -->\n<div\n\tclass=\"ngg-galleryoverview default-view  ngg-ajax-pagination-none\"\n\tid=\"ngg-gallery-dfaaf165ab5be6c481c34f1e44585f22-1\">\n\n\t\t<!-- Thumbnails -->\n\t\t\t\t<div id=\"ngg-image-0\" class=\"ngg-gallery-thumbnail-box ngg-4-columns\" >\n\t\t\t\t        <div class=\"ngg-gallery-thumbnail\">\n            <a href=\"http:\/\/schmuck-werkstatt.com\/wp-content\/gallery\/steinreiches-osterreich-tears-of-stone-tri\/dscn3611_0.jpg\"\n               title=\"\"\n               data-src=\"http:\/\/schmuck-werkstatt.com\/wp-content\/gallery\/steinreiches-osterreich-tears-of-stone-tri\/dscn3611_0.jpg\"\n               data-thumbnail=\"http:\/\/schmuck-werkstatt.com\/wp-content\/gallery\/steinreiches-osterreich-tears-of-stone-tri\/thumbs\/thumbs_dscn3611_0.jpg\"\n               data-image-id=\"562\"\n               data-title=\"TEARS OF STONE TRI\"\n               data-description=\"\"\n               data-image-slug=\"tears-of-stone-tri\"\n               class=\"shutterset_dfaaf165ab5be6c481c34f1e44585f22\">\n                <img\n                    title=\"TEARS OF STONE TRI\"\n                    alt=\"TEARS OF STONE TRI\"\n                    src=\"http:\/\/schmuck-werkstatt.com\/wp-content\/gallery\/steinreiches-osterreich-tears-of-stone-tri\/thumbs\/thumbs_dscn3611_0.jpg\"\n                    width=\"120\"\n                    height=\"90\"\n                    style=\"max-width:100%;\"\n                \/>\n            <\/a>\n        <\/div>\n\t\t\t\t\t\t\t<\/div> \n\t\t\t\n\t\n\t<br style=\"clear: both\" \/>\n\n\t\n\t\t<!-- Pagination -->\n\t<div class='ngg-clear'><\/div>\t<\/div>\n<strong> &#8222;TEARS OF STONE TRI&#8220;<\/strong> Anh\u00e4nger Aventurinquarz gr\u00fcn und rot, Lazulith Silber 925<\/p>\n<p><a href=\"http:\/\/schmuck-werkstatt.com\/index.php\/steinreiches-osterreich\">zur\u00fcck zu <em>&#8222;steinreiches \u00d6sterreich&#8220;<\/em><\/a><\/p>\n","protected":false},"excerpt":{"rendered":"<p>&#8222;TEARS OF STONE TRI&#8220; Anh\u00e4nger Aventurinquarz gr\u00fcn und rot, Lazulith Silber 925 zur\u00fcck zu &#8222;steinreiches \u00d6sterreich&#8220;<\/p>\n","protected":false},"author":3,"featured_media":0,"parent":196,"menu_order":0,"comment_status":"open","ping_status":"open","template":"","meta":{"ngg_post_thumbnail":0},"_links":{"self":[{"href":"http:\/\/schmuck-werkstatt.com\/index.php\/wp-json\/wp\/v2\/pages\/652"}],"collection":[{"href":"http:\/\/schmuck-werkstatt.com\/index.php\/wp-json\/wp\/v2\/pages"}],"about":[{"href":"http:\/\/schmuck-werkstatt.com\/index.php\/wp-json\/wp\/v2\/types\/page"}],"author":[{"embeddable":true,"href":"http:\/\/schmuck-werkstatt.com\/index.php\/wp-json\/wp\/v2\/users\/3"}],"replies":[{"embeddable":true,"href":"http:\/\/schmuck-werkstatt.com\/index.php\/wp-json\/wp\/v2\/comments?post=652"}],"version-history":[{"count":2,"href":"http:\/\/schmuck-werkstatt.com\/index.php\/wp-json\/wp\/v2\/pages\/652\/revisions"}],"predecessor-version":[{"id":1399,"href":"http:\/\/schmuck-werkstatt.com\/index.php\/wp-json\/wp\/v2\/pages\/652\/revisions\/1399"}],"up":[{"embeddable":true,"href":"http:\/\/schmuck-werkstatt.com\/index.php\/wp-json\/wp\/v2\/pages\/196"}],"wp:attachment":[{"href":"http:\/\/schmuck-werkstatt.com\/index.php\/wp-json\/wp\/v2\/media?parent=652"}],"curies":[{"name":"wp","href":"https:\/\/api.w.org\/{rel}","templated":true}]}}